{"id":12768,"date":"2024-02-07T09:22:40","date_gmt":"2024-02-07T09:22:40","guid":{"rendered":"http:\/\/tavieta.lt\/produktas\/siurbimo-plokste-rsp1\/"},"modified":"2024-03-29T09:35:15","modified_gmt":"2024-03-29T09:35:15","slug":"siurbimo-plokste-rsp1","status":"publish","type":"product","link":"https:\/\/tavieta.lt\/lv\/products\/siurbimo-plokste-rsp1\/","title":{"rendered":"S\u016bk\u0161anas pl\u0101ksne RSP1"},"content":{"rendered":"<p><span style=\"color: #000000; font-size: 16px;\"> \u00a0\u0160\u012b s\u016bk\u0161anas galda \u0137\u012b\u013cveida konstrukcija ir ide\u0101li piem\u0113rota darbam ar gr\u0101mat\u0101m, ta\u010du to var p\u0101rveidot par standarta plakanu s\u016bk\u0161anas galdu, ievietojot to \u012bpa\u0161i izstr\u0101d\u0101t\u0101 darba kast\u0113 (nop\u0113rkama atsevi\u0161\u0137i). \u0160\u013c\u016btene ir pasl\u0113pta zem galda, un to var savienot ar darba papl\u0101tes aizmuguri. Darba korpuss ir izgatavots no ekstrud\u0113ta polipropil\u0113na ar EVA putu iek\u0161pusi un neabraz\u012bvu, neaustu apdari. Pievienojiet \u0161o s\u016bk\u0161anas galdu standarta izm\u0113ra profesion\u0101lam mitr\u0101s vai saus\u0101s t\u012br\u012b\u0161anas s\u016bknim.<\/span><\/p>\n<table style=\"width: 96.17142857142858%; height: 71px;\" cellspacing=\"0\" cellpadding=\"0\">\n<tbody>\n<tr>\n<td style=\"text-align: center;\" valign=\"top\">\n<p><strong><span style=\"color: #000000; font-size: 16px;\">Materi\u0101la kods<\/span><\/strong><\/p>\n<\/td>\n<td style=\"text-align: center;\" valign=\"top\">\n<p><strong><span style=\"color: #000000; font-size: 16px;\">Apraksts<\/span><\/strong><\/p>\n<\/td>\n<td style=\"text-align: center;\" valign=\"top\">\n<p><strong><span style=\"color: #000000; font-size: 16px;\">Iepakojums<\/span><\/strong><\/p>\n<\/td>\n<\/tr>\n<tr>\n<td style=\"text-align: center;\" valign=\"top\">\n<p><span style=\"color: #000000; font-size: 16px;\">RT3010<\/span><\/p>\n<\/td>\n<td style=\"text-align: center;\" valign=\"top\">\n<p><span style=\"color: #000000; font-size: 16px;\">S\u016bk\u0161anas pl\u0101ksne RSP1<\/span><\/p>\n<\/td>\n<td style=\"text-align: center;\" valign=\"top\">\n<p><span style=\"color: #000000; font-size: 16px;\">1 gab.<\/span><\/p>\n<\/td>\n<\/tr>\n<\/tbody>\n<\/table>\n<div id=\"gtx-trans\" style=\"position: absolute; left: 79px; top: 37px;\">\n<div class=\"gtx-trans-icon\"><\/div>\n<\/div>","protected":false},"excerpt":{"rendered":"<p>S\u016bk\u0161anas pl\u0101ksne RSP0<\/p>","protected":false},"featured_media":11935,"template":"","meta":[],"product_brand":[],"product_cat":[149,170],"product_tag":[],"class_list":{"0":"post-12768","1":"product","2":"type-product","3":"status-publish","4":"has-post-thumbnail","6":"product_cat-restauratoriams","7":"product_cat-restauravimo-iranga","9":"first","10":"outofstock","11":"product-type-simple"},"_links":{"self":[{"href":"https:\/\/tavieta.lt\/lv\/wp-json\/wp\/v2\/product\/12768","targetHints":{"allow":["GET"]}}],"collection":[{"href":"https:\/\/tavieta.lt\/lv\/wp-json\/wp\/v2\/product"}],"about":[{"href":"https:\/\/tavieta.lt\/lv\/wp-json\/wp\/v2\/types\/product"}],"wp:featuredmedia":[{"embeddable":true,"href":"https:\/\/tavieta.lt\/lv\/wp-json\/wp\/v2\/media\/11935"}],"wp:attachment":[{"href":"https:\/\/tavieta.lt\/lv\/wp-json\/wp\/v2\/media?parent=12768"}],"wp:term":[{"taxonomy":"product_brand","embeddable":true,"href":"https:\/\/tavieta.lt\/lv\/wp-json\/wp\/v2\/product_brand?post=12768"},{"taxonomy":"product_cat","embeddable":true,"href":"https:\/\/tavieta.lt\/lv\/wp-json\/wp\/v2\/product_cat?post=12768"},{"taxonomy":"product_tag","embeddable":true,"href":"https:\/\/tavieta.lt\/lv\/wp-json\/wp\/v2\/product_tag?post=12768"}],"curies":[{"name":"wp","href":"https:\/\/api.w.org\/{rel}","templated":true}]}}