{"id":12769,"date":"2024-02-07T09:22:40","date_gmt":"2024-02-07T09:22:40","guid":{"rendered":"http:\/\/tavieta.lt\/produktas\/dideliu-matmenu-sulankstomas-stalas-ceibadesk\/"},"modified":"2024-03-29T09:35:15","modified_gmt":"2024-03-29T09:35:15","slug":"dideliu-matmenu-sulankstomas-stalas-ceibadesk","status":"publish","type":"product","link":"https:\/\/tavieta.lt\/lv\/products\/dideliu-matmenu-sulankstomas-stalas-ceibadesk\/","title":{"rendered":"Liels saliekamais galds CeibaDESK"},"content":{"rendered":"<p><span style=\"color: #000000; font-size: 16px;\"> \u00a0Lielais saliekamais galds paredz\u0113ts kar\u0161u un citu lielu, galvenok\u0101rt pap\u012bra dokumentu restaur\u0101cijai arh\u012bvos un restaur\u0101cijas darbn\u012bc\u0101s. \u012apa\u0161i t\u0101 priek\u0161roc\u012bba ir t\u0101, ka to var \u0101tri un viegli p\u0101rveidot darba poz\u012bcij\u0101, to ir viegli lietot saloc\u012bt\u0101 veid\u0101 un tas aiz\u0146em maz vietas. Uz darba galda var \u0101murt naglas, tapas utt tiek pied\u0101v\u0101ti:<\/span><\/p>\n<p><span style=\"color: #000000; font-size: 16px;\">1800 x 2000 mm<\/span><\/p>\n<p><span style=\"color: #000000; font-size: 16px;\">Darba galda augstums: 760 mm.<\/span><\/p>\n<p><span style=\"color: #000000; font-size: 16px;\"> \u00a0Izm\u0113ri saloc\u012bt\u0101 galda garums: 1800 mm galda platums: 450 mm \u00a0<\/span><\/p>\n<p><span style=\"color: #000000; font-size: 16px;\">Galda augstums: 1240 mm<\/span><\/p>\n<p><span style=\"color: #000000; font-size: 16px;\">Svars: 80 kg<\/span><\/p>\n<p><span style=\"color: #000000; font-size: 16px;\">2500 x 2500 mm<\/span><\/p>\n<p><span style=\"color: #000000; font-size: 16px;\">Darba galda augstums 760 mm.<\/span><\/p>\n<p><span style=\"color: #000000; font-size: 16px;\">Izm\u0113ri \u00a0<\/span><\/p>\n<p><span style=\"color: #000000; font-size: 16px;\">Saloc\u012bt\u0101 galda garums: 2500 mm galda platums: 500 mm \u00a0<\/span><\/p>\n<p><span style=\"color: #000000; font-size: 16px;\">Galda augstums: 1480 mm \u00a0<\/span><\/p>\n<p><span style=\"color: #000000; font-size: 16px;\">Svars: 113 kg<\/span><\/p>\n<p><span style=\"color: #000000; font-size: 16px;\"><img decoding=\"async\" src=\"data:image\/png;base64,iVBORw0KGgoAAAANSUhEUgAAAGAAAAAnCAYAAADwxU3sAAABYWlDQ1BrQ0dDb2xvclNwYWNlRGlzcGxheVAzAAAokWNgYFJJLCjIYWFgYMjNKykKcndSiIiMUmB\/yMAOhLwMYgwKicnFBY4BAT5AJQwwGhV8u8bACKIv64LMOiU1tUm1XsDXYqbw1YuvRJsw1aMArpTU4mQg\/QeIU5MLikoYGBhTgGzl8pICELsDyBYpAjoKyJ4DYqdD2BtA7CQI+whYTUiQM5B9A8hWSM5IBJrB+API1klCEk9HYkPtBQFul8zigpzESoUAYwKuJQOUpFaUgGjn\/ILKosz0jBIFR2AopSp45iXr6SgYGRiaMzCAwhyi+nMgOCwZxc4gxJrvMzDY7v\/\/\/\/9uhJjXfgaGjUCdXDsRYhoWDAyC3AwMJ3YWJBYlgoWYgZgpLY2B4dNyBgbeSAYG4QtAPdHFacZGYHlGHicGBtZ7\/\/9\/VmNgYJ\/MwPB3wv\/\/vxf9\/\/93MVDzHQaGA3kAFSFl7jXH0fsAAAA4ZVhJZk1NACoAAAAIAAGHaQAEAAAAAQAAABoAAAAAAAKgAgAEAAAAAQAAAGCgAwAEAAAAAQAAACcAAAAAYCj5LQAAEllJREFUaAXtWwlwVWWWPu\/lZd9DEhK2JIRsEAgQWUYUG1FcpqsUUZkWF6QbHKtsGbutHsdqR+ylbGqsLm1mGhxccGslBFAWAVFoFsFBWYQEwhISyArZ9\/W9O993bu5LHiQxmWKqpqbzw3333v8\/\/3b2c\/4bMfooHR0dxrZt2434uHFGXFy8kZWVZbhcrj6gh6p7YqC6usZ48V\/+1Zg54xZj7dq3jMbGxp7NHs\/i8dbj5ciRI4afn78hInpNmzbdyM3N6QEx9NgbBsiky5Y9BZw5cHkp7t55Z51Bhu6t2IHg6wqA5eTJk9La2iJ2O0HsUl5+RU6dyr0OdqjCEwMVFZWSl3cWlZ3i4+2tjd9++500NDR6Ana99UoAUEpIhO7iEl8fPwkODu2uGnrqEwM2m03bnC6n3pubWgWS0Sv8dQSABClgSnKK+PsHaEeHw1uSksfKlCkTex1kqLIbA9HRUTJu3Djx8fGheheHwyFp48fh7gUgE7fd0FBSK1B6VjQ2Nsi776yTXbv2yuSMyVJVVSV33DFXVq5cKfHxCT1Bh577wMCMGTPk6tVKuXz5kkzJyJT4hLFSVHRZEhMTBHbVs1dPw+B0Oo29e\/YadpvDSEmeYEyfNst4c\/VbRlVVTU+woecBYKCz02X85S9ZxpIlTxnpEzLUGH\/88cfXGWMPL6iqqtpY+PAiI3PqDGNsQjI62YxxiWnGqlV\/HnJBB4B0E8R01Y8dO248MP8heJKBRmzsCGPOj+40pt000yguLvEYyW0DUCtn887J1m1bJSp6mFwsOAdRMaS9vRUGuVNyc4Y8IE\/d0debTWpra6W0tFQKCy\/Bk2yWsrJSoV3OPZ0jB\/Yfks7OTndnNwFaWlpk3XvrpKWlCS5TgyRAb7E4XR3y+fbt8uyzv4BOK3Z3HHroHQMIuuQPf1gp77\/\/gVTXVADIkAA4MwEBAQI1IqtWrZLm5hZ3ZzcB2tvb5euvD0IlOREDfA+DQcvtgP9fJmfPnpWSkmJZtmwZBq1xdx568MQAcYjIV957730pKCiQpibT98\/IuEkKCgukvbNNzpw5A6lodXd0E4BiUVZWrg3t7W36PHLkGIFhlk5nu4RHhMIz2iH\/8e9\/lqtXSNmh0hMDbW3tsmfPHnnlld\/K8OExUlx8WSoqKsTX1w\/BrE0J4ux0Sl1dDTzLandXNwEaG5tBsSZtaGtrQ+erkgC3k1JAleRCUDF92gz5YN378tJLL0nOkE1wI7G2tk4++OAj+d1vX0WwGizBQUHQ82YQlpoyHi7pVdjRNsDbxWV0Kj5pc1ncBKirq5O2tm7d5HK6EFAkyvjx6RIYGCRjxsTLjOkzpa6+Tv5z7ZvywgsvyLFjxzTY0JH+Rn+YYli9+k1ZunSJHD32ncy+dbZERkZLSHAYdH+gzJ49WxqbGkCAdmDIjIbLysrckbGDeGP0W1lZqSg0w2ibjIkbLT\/92RLJvGmqbNiQLfv2\/RWDhkpSUrIEBgXI9u3bVMf95jevyM03zxIvL0Z6f1ulvPyqIv\/11\/8oYWHhyqQlpcWqZhITE+X22+fKk0sWS07uSblypdSN9EuXLnczrmGYfuvnn+8ywOmG3e4w\/P0DjZdfXqH+KtSS8eKLL2ogAfQat82eY\/z61y8b8+cvMKDfjEmTJhpbt241WttaPfzb\/+8vFy8WGEsWL1W8TJw4yXj++X82nnj8p8CJmUGeOfPvjMuXixQNq1evMUJCQhWW+H3ttde70OMyVAK++eYb4RUzfKS0dzTLiBGjZOHChcrOdJ8WLXoMoXSJSsG+\/XslIDBAHln0iKSmpEE61stbb70rly4VSRJyIJMmTVK7gRng+9rghMHn5dTi1fWOF31HFXxj9zNB+H5tIWxXvQVuY4X+tylX2SF99N7MglbOi\/lp\/KhqTak210NJZRttGwuzvWbGF0vpWjMdEqudz35+fuq7M6GWm3ta8vMvytGjR2Xb51vk\/vsfkPvuuw\/7L5Q1a9ZjRJdMnz5dfv7zZyQqKlLnePjhh2T9JxsQB5zCsr2ltKREjhz5FnA3iQ1BgzFr1iwMnCsR4VGSmpYsU6dmyuLFiyUzc4oOwB9mRzdu3CxvvPEGiHVI0tMnyooVK8QJ\/J46lSPHjx8XBzb36KOPIonnb27K3L1ujIv3RnqWxpwbJQbNDXPjnEF\/9AaZBNLMeiKH\/jMr2JeF3kQn6pxATnBIiOargoL9TWIAnp4b+xHxJnI5Hi+7ItZCKtfk6+urY3ItTKBxn7xIAItYQTCqloOSnb1RiZCZmSnh4eHA1VTgJRtMuBbez3Dd\/9KlSyUlJUXH5Q+dmN\/\/bqWc+P443NBcqPsqTdh99dWXYjtzJs+YMCFdgbngpKQkUC5aJk\/OkD\/96XX3INbD0aPH5MMPP5Ls7CwhPv7puefk6HfHZOzYBEnHOOROLj4kNASbt0kTgg4iwcfboQixoY7\/mKologjLzduBHBYiwUmqYi3tcO0I34lInMRrg3vs4+2DQKZZauB5nDhxAnr2dkGORR56eIH241zccEBAoCKSEsxzDS8vUxrY3tLSjDV5aTvno1\/OvZNx6MuTKEQ4YUNDQ1UCuFZeXAfPRurq6nEvV0fkwIH9cvfd98j8+ffLkiVP6lgWvnjPytoA930NtEsr4L\/TOVi\/a9cX3L9DB+XgWAMW5QRHf48J6qSyoloioyII6y6ZmVMhGVOhoh6S7dt2Sm1NnYpafX29JKUkSjSI54XU654v\/yrDY6NkQnoqvKgAFWFyHjfZ2dmhCCAHcl4WchvsiBw\/elwih0VKXMIYyISh7SSQH\/zpwsJC7e\/wgVRA1NPGp0hoWDCYZSLcv0CdwzBsMnLkSHBjtPbluEQuEWr2D1BODQoK1Ha2mZIIplAcmO\/ECwuJSa8lLi4O3k2k1IHwe\/fsh0ougsYIhxpOlQUPPiBLf7YUhPPRPtf+kEEOQ2vEx8djLaZkck7GW9Aadt08kUOOdXg5dCNMpWZnb5B\/fPqpa8fT95kzZwqMj7S2tCJQ60QfpwyPidL+BCC3MhKMj4\/rUj2mC0auIuJ5Z7EIQETU19Ndg1R4eSshff1M9UA4wnONjFGio6MVaZQE6uJHFv1EuZieHIaWtLTxShBukoVjV1dXy4UL+ViLD7yVMZAQfx1DAXr8cG28SAD2q0Hkv3nzZrntttskOTlZ\/fynn16KdbvADH7wCIOUKfpCfk5Ojpw+fRprb4eUm\/bHInpERIQ4aGDIJRZSyIXcKJH32ZYt6kZZerLHOvWRnM2rt+Lr46sRH7knMDDQLcaE5VxcBC8SgMjlM1UBEcw1MDflMkwJsRbMIIdcHBsbq6rBDHA6lLuHQWpIQCbCvL29VILZj0Wlq0vNcD6qGW+oRKsQjnsm0glrEc5kSruqJNYTV7yCe+h3a4y+7rSbJTC68DZ1nK4lKTjndVAlUK9ZYuiN0y8aIb7n5Z2G57NP5s2b19f4HvWmaTWrqGfrGmqRX\/paRZ7IDYHB5LgUZSKKiSvqWHJycHAQCENV46tEIOE6nB04CvVVghEBZIRhw4bJ+fPnlaPJkQx08vPzZe\/efcKDkNjYGG3jHkhoFiKS8\/r4eIPYXiBige6Z83NcttMWjB49WnM1XCezmZyLkkOfnkQbbOEYX3zxBfZnZhhIPMije11kTLAB3DCIBi8\/vwAEVTeD+xqFAQVPdXbt2j1gApj8Zi6THgJzSESapWa4UV5cGOvJAeR4Iqq9vQOc34aA5SrqOiQEup2SQUPM\/uROns5xE2SYqCjYlwkTlKiUDI5Tjyjd5Qp0cz\/nYiHyOQcRTiJ3IinGQqbgHBzf8oCockg8MgWJw3HZb9SoUdpnMD\/79x2U\/Av5Oj\/7UW2fO5enxDQZwkccFEU\/6DI6ITy3vOuuuxD9Zsjy5cvVW8DnKSBEBfRu1GDmBoL91B+Ogw3g5ohsXkSExXEckAthPTmDaq+osAhGdJSMhx73gVFjuwVDRBGWnhqJQMSzUCXdeeedqrbMsbRaf6y+dBJMSQtWF9Dkxm44a21paWk6h9WPc+7evVsJ3Q09sKcdO3YidVOvwHPnzpMnFj8u2RuzpBYJOUojVaXDNB7mJumdxMWPkh\/NuQW+7UbZv3+\/csHApvOEog5vguhRxfRlQzx7kAFMA+0DNRgeEa5cfy1MX+8UZ179FbbTp+eaeB9IoZRw\/ZSCwRZ6Xq2tTZgrRH71q+eRV0sF8\/FrE9M5iIgYJnaK\/LjEJPjXvnIrEkkZGZOE1nnRokUQ8XTl1k2bNg12buVQL+hbctBAC2FVNVEtdGUTB9r3h+A4NlXLYAvdUErHQJnIGv\/gwYMq7cnJqTjMelbtE5n99ttpT70061Bf3yiOvDPnNQpOgT\/LDB45o7WVellwAnYZFrxUD2SsgQd6d2HDllgPtA\/VEL0FHEWjrztRO\/Du\/UBS9eFjA0gV1Fo\/cNc2kXBWTHBtW3\/vFy8WIJ46KeVXypQJqWWJj6lTpipea2Fr9ny1TxwUrYrKCkSmLrn33nt0TOrXsLAwBCHUXzzjrOtvrl7b6M0wZ8RJB1NoL\/gdEolwYwtcXkTUMClqeAc6NgkwUHXVc8ymJkbrNVBdDRon0PtiGTEyBocz+YgvqnG6WCV2ulkstPZTppi5HwZnjCaJfOorLuJ\/UijygyEADZ83CEADxXTFjSwd0L3U515Qb4MRAXpJ9Iwsj2qgayLzWn3oQVmBWkpKkhKFh\/WVYHx7NSjBQq6bPLk7+RYREQb\/PUbbLCLpywB\/qP8p9oMUALdfzgOhG1lo2Jk15Rceg2EKwtLboks6mELCWYVpDEuNMaYwnQW7VFZVit207gbELACfo5jpU3bkZ4mjR8XpGAM1XhRvq5QiUZV35gLUl+mGWfW9362OsAEAcOHXuMEqiFLMrKqBI0Erq9r7Wjxr2a+4uBQucrNnww+88Xydbm9gQLDmyiyih4WFSmhIOHob0lCHhF9xcbFyBCPIkJBu14xUZ26fhZzc0mIGL1rRxw+5vby8QjZv2qguKDOeJ0+ewicaH\/bRw6o21Y3N5tJsp93GyNxquzF35m6amlowLs8Jurmzv9G\/\/HKPHDp0WKPhwoJLsiFrk1RV1vbXxd1Gd5PHkAkJYz3cYxKCUsA18HNFe1OjmXZlGM5knFV4DsxQn4UE0BSx1djP\/dPNn8ktt96Kj3mTJSYmUqZNm6apiKPIcv5QqatrULFkFnSwIv9DY1MF0P\/v6HTB6ahUQvTXp6SkTHU\/0zBM\/qWkpmiW4NNPP+uvm7vN\/BzdQBY1Xo2wuwEPPCugna2pqRUHE0UsM2ZM17v14+\/vi0MX85yAeRB+dsEUbn\/l\/PkLivDIyGFqQulJ0fjcMutm2bR5i8cBjzkO9by5kF07d+PEKBebjUSq4hIkrl65hBxDNUnOpRHlnZzlcpo5HGs93axj1XTfeabAM4HGegRGua04JK+XuThHYNqlL\/+ehyULFiyA7ka0CuLRMYgdES3pE9OQd9orc+bM6Z6gl6fq6iqt5cGNFbFbYCTq6jWrpKi4SBwMwP7+3h9LQ32zHD78X5ooM1PIDkkclyDz7vixIuXrAwdk1OhRiJQTkKSiDru+0IePjAqFSvPC4YP5+QXVijcSasFBZtrAs5epCojQyqqrENUAefDBBzF+hIehJNKt0vNZDYbV0N8d1DGHMBR5586du44rr+tu2DUxyCNV6nG6x1Qb8fFjZMtnO0AA9jAZyOpLW8nTLqrrmJhYPaRPnzhBU98KDU1SU12D\/FYL8Hq37Ny5Sxxr314tW7ZsxbefZ+S1f\/sjPE8Xzjnvk8ceexQ5k7Hyy18ux1nnapw64QQMCH78icdw+nOXipA1sXX3Qh6\/qKgUWcUx0tzSIHlnCzVbyeQaubevQi5kfp5iy0wkN\/u\/VZgDYoBpnV33NU8LzjmcTpu0QHKysrLlySefkNTUVLmYX6Sf6\/TW7\/DhQ\/LqqyuhLTpgN6rkmWeewaf9c1SCjh0\/Ic8t\/4WUwzhHRkaoHVi\/\/iPqd6cBf9WAmjEQC+jFd7O4DKezw13P9u62LpAeN9gK4+233zVOnPgefdr1U2zCf\/LJBiMn53QPyOsfCQcOur7hBtfAq9G98t5fuXixEJ+Xf6JfhXPfhMdnmgbOfvW5t76EISyYTS+4vAAz58FBk4G\/lDGQI9M24pvwNg5kUpPixDIwD8GEvfaX+RZDdu7YLaVlxdCv3lJWWiH3IMLOyJjgoVau7fl\/6Z0ooe05eTJHaJtGQ\/XSEaEd\/IefLIT64t9+9Wd1+tuNp9r6b5tSaB7kjzp6AAAAAElFTkSuQmCC\" alt=\"pastedGraphic.png\" \/><\/span><\/p>\n<table style=\"width: 86.85064935064935%; height: 92px;\" cellspacing=\"0\" cellpadding=\"0\">\n<tbody>\n<tr>\n<td style=\"text-align: center;\" valign=\"top\">\n<p><strong><span style=\"color: #000000; font-size: 16px;\">Materi\u0101la kods<\/span><\/strong><\/p>\n<\/td>\n<td style=\"text-align: center;\" valign=\"top\">\n<p><strong><span style=\"color: #000000; font-size: 16px;\">Apraksts<\/span><\/strong><\/p>\n<\/td>\n<td style=\"text-align: center;\" valign=\"top\">\n<p><strong><span style=\"color: #000000; font-size: 16px;\">Iepakojums<\/span><\/strong><\/p>\n<\/td>\n<\/tr>\n<tr>\n<td style=\"text-align: center;\" valign=\"top\">\n<p><span style=\"color: #000000; font-size: 16px;\">CD0001<\/span><\/p>\n<\/td>\n<td style=\"text-align: center;\" valign=\"top\">\n<p><span style=\"color: #000000; font-size: 16px;\">Liels saliekamais galds, 1800 x 2000 mm<\/span><\/p>\n<\/td>\n<td style=\"text-align: center;\" valign=\"top\">\n<p><span style=\"color: #000000; font-size: 16px;\">1 gab.<\/span><\/p>\n<\/td>\n<\/tr>\n<tr>\n<td style=\"text-align: center;\" valign=\"top\">\n<p><span style=\"color: #000000; font-size: 16px;\">CD0002<\/span><\/p>\n<\/td>\n<td style=\"text-align: center;\" valign=\"top\">\n<p><span style=\"color: #000000; font-size: 16px;\">Liels saliekamais galds 2500 x 2500 mm<\/span><\/p>\n<\/td>\n<td style=\"text-align: center;\" valign=\"top\">\n<p><span style=\"color: #000000; font-size: 16px;\">1 gab.<\/span><\/p>\n<\/td>\n<\/tr>\n<\/tbody>\n<\/table>\n<div id=\"gtx-trans\" style=\"position: absolute; left: 79px; top: 37px;\">\n<div class=\"gtx-trans-icon\"><\/div>\n<\/div>","protected":false},"excerpt":{"rendered":"<p>Liels saliekamais galds CeibaDESK<\/p>","protected":false},"featured_media":11937,"template":"","meta":[],"product_brand":[],"product_cat":[149,170],"product_tag":[],"class_list":{"0":"post-12769","1":"product","2":"type-product","3":"status-publish","4":"has-post-thumbnail","6":"product_cat-restauratoriams","7":"product_cat-restauravimo-iranga","9":"first","10":"outofstock","11":"product-type-simple"},"_links":{"self":[{"href":"https:\/\/tavieta.lt\/lv\/wp-json\/wp\/v2\/product\/12769","targetHints":{"allow":["GET"]}}],"collection":[{"href":"https:\/\/tavieta.lt\/lv\/wp-json\/wp\/v2\/product"}],"about":[{"href":"https:\/\/tavieta.lt\/lv\/wp-json\/wp\/v2\/types\/product"}],"wp:featuredmedia":[{"embeddable":true,"href":"https:\/\/tavieta.lt\/lv\/wp-json\/wp\/v2\/media\/11937"}],"wp:attachment":[{"href":"https:\/\/tavieta.lt\/lv\/wp-json\/wp\/v2\/media?parent=12769"}],"wp:term":[{"taxonomy":"product_brand","embeddable":true,"href":"https:\/\/tavieta.lt\/lv\/wp-json\/wp\/v2\/product_brand?post=12769"},{"taxonomy":"product_cat","embeddable":true,"href":"https:\/\/tavieta.lt\/lv\/wp-json\/wp\/v2\/product_cat?post=12769"},{"taxonomy":"product_tag","embeddable":true,"href":"https:\/\/tavieta.lt\/lv\/wp-json\/wp\/v2\/product_tag?post=12769"}],"curies":[{"name":"wp","href":"https:\/\/api.w.org\/{rel}","templated":true}]}}