{"id":12770,"date":"2024-02-07T09:22:40","date_gmt":"2024-02-07T09:22:40","guid":{"rendered":"http:\/\/tavieta.lt\/produktas\/restauravimo-lempa15x2-e\/"},"modified":"2024-03-29T09:35:14","modified_gmt":"2024-03-29T09:35:14","slug":"restauravimo-lempa15x2-e","status":"publish","type":"product","link":"https:\/\/tavieta.lt\/lv\/products\/restauravimo-lempa15x2-e\/","title":{"rendered":"Restaur\u0101cijas lampa 15x2\/E un 15\u00d72 +1\/E"},"content":{"rendered":"<p><span style=\"color: #000000; font-size: 16px;\"> \u00a0Lampa ar div\u0101m dienasgaismas spuldz\u0113m ar elektronisku komut\u0101cijas sist\u0113mu. Tas ir piestiprin\u0101ts pie kust\u012bgas rokas ar kron\u0161teinu piestiprin\u0101\u0161anai pie galda. Lampu var apr\u012bkot ar dienasgaismas spuldzi. Silt\u0101s kr\u0101sas (gai\u0161as kr\u0101sas) 5400K (standarta) vai, piem\u0113ram, UV..<\/span><\/p>\n<table style=\"width: 70.32080624393404%; height: 62px;\" cellspacing=\"0\" cellpadding=\"0\">\n<tbody>\n<tr>\n<td style=\"width: 31.62393162393162%; text-align: center;\" valign=\"top\">\n<p><strong><span style=\"color: #000000; font-size: 16px;\">Materi\u0101la kods<\/span><\/strong><\/p>\n<\/td>\n<td style=\"width: 52.13675213675214%; text-align: center;\" valign=\"top\">\n<p><strong><span style=\"color: #000000; font-size: 16px;\">Apraksts<\/span><\/strong><\/p>\n<\/td>\n<td style=\"width: 15.384615384615385%; text-align: center;\" valign=\"top\">\n<p><strong><span style=\"color: #000000; font-size: 16px;\">Iepakojums<\/span><\/strong><\/p>\n<\/td>\n<\/tr>\n<tr>\n<td style=\"width: 31.62393162393162%; text-align: center;\" valign=\"top\">\n<p><span style=\"color: #000000; font-size: 16px;\">RT60112<\/span><\/p>\n<\/td>\n<td style=\"width: 52.13675213675214%; text-align: center;\" valign=\"top\">\n<p><span style=\"color: #000000; font-size: 16px;\">Restaur\u0101cijas lampa 15\u00d72\/E<\/span><\/p>\n<\/td>\n<td style=\"width: 15.384615384615385%; text-align: center;\" valign=\"top\">\n<p><span style=\"color: #000000; font-size: 16px;\">1 gab.<\/span><\/p>\n<\/td>\n<\/tr>\n<\/tbody>\n<\/table>\n<p><span style=\"color: #000000; font-size: 16px;\"> \u00a0<\/span><\/p>\n<p><span style=\"color: #000000; font-size: 16px;\"> \u00a0Lampa ar trim lamp\u0101m (15W) ar elektronisku komut\u0101cijas sist\u0113mu. Tas ir piestiprin\u0101ts pie kust\u012bgas rokas ar kron\u0161teinu piestiprin\u0101\u0161anai pie galda. Ja nepiecie\u0161ams, var piesl\u0113gt vienu, divus vai tr\u012bs lukturus. Standarta komplekt\u0101cij\u0101 ir uzst\u0101d\u012btas divas dienasgaismas dienasgaismas spuldzes. Siltas kr\u0101sas (gai\u0161as kr\u0101sas), 5400 K un viena veida UV A.<\/span><\/p>\n<table style=\"width: 71.14754098360656%; height: 42px;\" cellspacing=\"0\" cellpadding=\"0\">\n<tbody>\n<tr>\n<td style=\"text-align: center;\" valign=\"top\">\n<p><strong><span style=\"color: #000000; font-size: 16px;\">Materi\u0101la kods<\/span><\/strong><\/p>\n<\/td>\n<td style=\"text-align: center;\" valign=\"top\">\n<p><strong><span style=\"color: #000000; font-size: 16px;\">Apraksts<\/span><\/strong><\/p>\n<\/td>\n<td style=\"text-align: center;\" valign=\"top\">\n<p><strong><span style=\"color: #000000; font-size: 16px;\">Iepakojums<\/span><\/strong><\/p>\n<\/td>\n<\/tr>\n<tr>\n<td style=\"text-align: center;\" valign=\"top\">\n<p><span style=\"color: #000000; font-size: 16px;\">RT60113<\/span><\/p>\n<\/td>\n<td style=\"text-align: center;\" valign=\"top\">\n<p><span style=\"color: #000000; font-size: 16px;\">Restaur\u0101cijas lampa 15\u00d72+1\/E<\/span><\/p>\n<\/td>\n<td style=\"text-align: center;\" valign=\"top\">\n<p><span style=\"color: #000000; font-size: 16px;\">1 gab.<\/span><\/p>\n<\/td>\n<\/tr>\n<\/tbody>\n<\/table>\n<div id=\"gtx-trans\" style=\"position: absolute; left: 79px; top: 37px;\">\n<div class=\"gtx-trans-icon\"><\/div>\n<\/div>","protected":false},"excerpt":{"rendered":"<p>Restaur\u0101cijas lampa 15x2\/E un 15\u00d72 +1\/E<\/p>","protected":false},"featured_media":11939,"template":"","meta":[],"product_brand":[],"product_cat":[149,170,171],"product_tag":[],"class_list":{"0":"post-12770","1":"product","2":"type-product","3":"status-publish","4":"has-post-thumbnail","6":"product_cat-restauratoriams","7":"product_cat-restauravimo-iranga","8":"product_cat-apsvietimas","10":"first","11":"outofstock","12":"product-type-simple"},"_links":{"self":[{"href":"https:\/\/tavieta.lt\/lv\/wp-json\/wp\/v2\/product\/12770","targetHints":{"allow":["GET"]}}],"collection":[{"href":"https:\/\/tavieta.lt\/lv\/wp-json\/wp\/v2\/product"}],"about":[{"href":"https:\/\/tavieta.lt\/lv\/wp-json\/wp\/v2\/types\/product"}],"wp:featuredmedia":[{"embeddable":true,"href":"https:\/\/tavieta.lt\/lv\/wp-json\/wp\/v2\/media\/11939"}],"wp:attachment":[{"href":"https:\/\/tavieta.lt\/lv\/wp-json\/wp\/v2\/media?parent=12770"}],"wp:term":[{"taxonomy":"product_brand","embeddable":true,"href":"https:\/\/tavieta.lt\/lv\/wp-json\/wp\/v2\/product_brand?post=12770"},{"taxonomy":"product_cat","embeddable":true,"href":"https:\/\/tavieta.lt\/lv\/wp-json\/wp\/v2\/product_cat?post=12770"},{"taxonomy":"product_tag","embeddable":true,"href":"https:\/\/tavieta.lt\/lv\/wp-json\/wp\/v2\/product_tag?post=12770"}],"curies":[{"name":"wp","href":"https:\/\/api.w.org\/{rel}","templated":true}]}}