{"id":12772,"date":"2024-02-07T09:22:47","date_gmt":"2024-02-07T09:22:47","guid":{"rendered":"http:\/\/tavieta.lt\/produktas\/restauravimo-lempa-ll-318\/"},"modified":"2024-03-29T09:35:11","modified_gmt":"2024-03-29T09:35:11","slug":"restauravimo-lempa-ll-318","status":"publish","type":"product","link":"https:\/\/tavieta.lt\/lv\/products\/restauravimo-lempa-ll-318\/","title":{"rendered":"Restaur\u0101cijas lampa LL 318"},"content":{"rendered":"<p><span style=\"color: #000000; font-size: 16px;\">Est\u0113tiska un m\u016bsdien\u012bga palielin\u0101m\u0101 2U tipa kompakt\u0101 dienasgaismas 9W \/ 4000K dienasgaismas spuldze (dienasgaisma). Uz kust\u012bgas rokas (85 cm), fiks\u0113ta ar kron\u0161teinu. Eiro standarts. 3 dioptriju palielin\u0101jums, 13 x 18 cm. Lamp\u0101 var izmantot divas UV A spuldzes vai vienu baltu un vienu UV A (ar diviem sl\u0113d\u017eiem). Var pieg\u0101d\u0101t ar stat\u012bvu ar rite\u0146iem (skat. att\u0113lu).<\/span><\/p>\n<table style=\"width: 46.9429%;\" cellspacing=\"0\" cellpadding=\"0\">\n<tbody>\n<tr>\n<td style=\"width: 23.2673%; text-align: center;\" valign=\"top\">\n<p><strong><span style=\"color: #000000; font-size: 16px;\">Materi\u0101la kods<\/span><\/strong><\/p>\n<\/td>\n<td style=\"width: 64.8515%; text-align: center;\" valign=\"top\">\n<p><strong><span style=\"color: #000000; font-size: 16px;\">Apraksts<\/span><\/strong><\/p>\n<\/td>\n<td style=\"width: 19.4719%; text-align: center;\" valign=\"top\">\n<p><strong><span style=\"color: #000000; font-size: 16px;\">Iepakojums<\/span><\/strong><\/p>\n<\/td>\n<\/tr>\n<tr>\n<td style=\"width: 23.2673%; text-align: center;\" valign=\"top\">\n<p><span style=\"color: #000000; font-size: 16px;\">RT60116<\/span><\/p>\n<\/td>\n<td style=\"width: 64.8515%; text-align: center;\" valign=\"top\">\n<p><span style=\"color: #000000; font-size: 16px;\"> \u00a0  \u00a0  \u00a0  \u00a0  \u00a0Restaur\u0101cijas lampa LL 318<\/span><\/p>\n<\/td>\n<td style=\"width: 19.4719%; text-align: center;\" valign=\"top\">\n<p><span style=\"color: #000000; font-size: 16px;\">1 gab.<\/span><\/p>\n<\/td>\n<\/tr>\n<\/tbody>\n<\/table>\n<div id=\"gtx-trans\" style=\"position: absolute; left: 79px; top: 37px;\">\n<div class=\"gtx-trans-icon\"><\/div>\n<\/div>","protected":false},"excerpt":{"rendered":"<p>Restaur\u0101cijas lampa LL 317<\/p>","protected":false},"featured_media":11943,"template":"","meta":[],"product_brand":[],"product_cat":[170,171],"product_tag":[],"class_list":{"0":"post-12772","1":"product","2":"type-product","3":"status-publish","4":"has-post-thumbnail","6":"product_cat-restauravimo-iranga","7":"product_cat-apsvietimas","9":"first","10":"outofstock","11":"product-type-simple"},"_links":{"self":[{"href":"https:\/\/tavieta.lt\/lv\/wp-json\/wp\/v2\/product\/12772","targetHints":{"allow":["GET"]}}],"collection":[{"href":"https:\/\/tavieta.lt\/lv\/wp-json\/wp\/v2\/product"}],"about":[{"href":"https:\/\/tavieta.lt\/lv\/wp-json\/wp\/v2\/types\/product"}],"wp:featuredmedia":[{"embeddable":true,"href":"https:\/\/tavieta.lt\/lv\/wp-json\/wp\/v2\/media\/11943"}],"wp:attachment":[{"href":"https:\/\/tavieta.lt\/lv\/wp-json\/wp\/v2\/media?parent=12772"}],"wp:term":[{"taxonomy":"product_brand","embeddable":true,"href":"https:\/\/tavieta.lt\/lv\/wp-json\/wp\/v2\/product_brand?post=12772"},{"taxonomy":"product_cat","embeddable":true,"href":"https:\/\/tavieta.lt\/lv\/wp-json\/wp\/v2\/product_cat?post=12772"},{"taxonomy":"product_tag","embeddable":true,"href":"https:\/\/tavieta.lt\/lv\/wp-json\/wp\/v2\/product_tag?post=12772"}],"curies":[{"name":"wp","href":"https:\/\/api.w.org\/{rel}","templated":true}]}}