{"id":12773,"date":"2024-02-07T09:22:47","date_gmt":"2024-02-07T09:22:47","guid":{"rendered":"http:\/\/tavieta.lt\/produktas\/restauravimo-lempos-lst\/"},"modified":"2024-03-29T09:35:10","modified_gmt":"2024-03-29T09:35:10","slug":"restauravimo-lempos-lst","status":"publish","type":"product","link":"https:\/\/tavieta.lt\/lv\/products\/restauravimo-lempos-lst\/","title":{"rendered":"Restaur\u0101cijas lampas LST"},"content":{"rendered":"<p><a href=\"https:\/\/old.labostera.lt\/wp-content\/uploads\/2020\/04\/Screenshot-2020-04-22-at-16.42.38.png\" target=\"_blank\" rel=\"noopener\"><img fetchpriority=\"high\" decoding=\"async\" class=\"alignnone  wp-image-6469\" src=\"https:\/\/old.labostera.lt\/wp-content\/uploads\/2020\/04\/Screenshot-2020-04-22-at-16.42.38-300x120.png\" alt=\"\" width=\"568\" height=\"228\" \/><\/a><\/p>\n<p><span style=\"color: #000000; font-size: 16px;\">Met\u0101la elektrisk\u0101s gaismas lampas ar alum\u012bnija reflektoru ir uzst\u0101d\u012btas uz daudzfunkcion\u0101liem mobilajiem stat\u012bviem ar rite\u0146iem. Mobil\u0101s un st\u0101vlampas at\u0161\u0137iras gaismas jaudas zi\u0146\u0101. Lamp\u0101 tiek izmantotas \u010detras dienasgaismas 18\/20W dienasgaismas spuldzes vai var tikt pieg\u0101d\u0101tas luminiscences spuldzes UV A.<\/span><\/p>\n<table cellspacing=\"0\" cellpadding=\"0\">\n<tbody>\n<tr>\n<td style=\"text-align: center;\" valign=\"top\">\n<p><strong><span style=\"color: #000000; font-size: 16px;\">Materi\u0101la kods<\/span><\/strong><\/p>\n<\/td>\n<td style=\"text-align: center;\" valign=\"top\">\n<p><strong><span style=\"color: #000000; font-size: 16px;\">Apraksts<\/span><\/strong><\/p>\n<\/td>\n<td style=\"text-align: center;\" valign=\"top\">\n<p><strong><span style=\"color: #000000; font-size: 16px;\">Iepakojums<\/span><\/strong><\/p>\n<\/td>\n<\/tr>\n<tr>\n<td style=\"text-align: left;\" valign=\"top\">\n<p><span style=\"color: #000000; font-size: 16px;\">RT60117 <\/span><\/p>\n<p><span style=\"color: #000000; font-size: 16px;\">RT60118 RT60119<\/span><\/p>\n<\/td>\n<td style=\"text-align: left;\" valign=\"top\">\n<p><span style=\"color: #000000; font-size: 16px;\">Restaur\u0101cijas lampas LST 1 - regul\u0113jama svira ar pretsvaru 0,6 m - 2,8 m<\/span><\/p>\n<p><span style=\"color: #000000; font-size: 16px;\">Restaur\u0101cijas lampas LST 2 - regul\u0113jams augstums 1,3 m - 2,1 m, lampas var blo\u0137\u0113t vair\u0101k\u0101s poz\u012bcij\u0101s<\/span><\/p>\n<p><span style=\"color: #000000; font-size: 16px;\">Restaur\u0101cijas lampas LST3 - regul\u0113jams augstums 1,2 m - 2,2 m, lampas var blo\u0137\u0113t div\u0101s as\u012bs un izb\u012bd\u012bt 30-60 cm<\/span><\/p>\n<\/td>\n<td style=\"text-align: left;\" valign=\"top\">\n<p><span style=\"color: #000000; font-size: 16px;\">1 gab.<\/span><\/p>\n<p><span style=\"color: #000000; font-size: 16px;\">1 gab.<\/span><\/p>\n<p><span style=\"color: #000000; font-size: 16px;\">1 gab.<\/span><\/p>\n<\/td>\n<\/tr>\n<\/tbody>\n<\/table>\n<div id=\"gtx-trans\" style=\"position: absolute; left: 79px; top: 37px;\">\n<div class=\"gtx-trans-icon\"><\/div>\n<\/div>","protected":false},"excerpt":{"rendered":"<p>Met\u0101la elektrisk\u0101s gaismas lampas ar alum\u012bnija reflektoru ir uzst\u0101d\u012btas uz daudzfunkcion\u0101liem mobilajiem stat\u012bviem ar rite\u0146iem. Mobil\u0101s un st\u0101vlampas at\u0161\u0137iras gaismas jaudas zi\u0146\u0101. Lamp\u0101 tiek izmantotas \u010detras dienasgaismas 18 \/ 20 W dienasgaismas spuldzes vai luminiscences spuldzes UV A Materi\u0101la kods Apraksts Iepakojums RT60117 RT60118 RT60119 Restaur\u0101cijas spuldzes LST 1 - [\u2026]<\/p>","protected":false},"featured_media":11945,"template":"","meta":[],"product_brand":[],"product_cat":[170,171],"product_tag":[],"class_list":{"0":"post-12773","1":"product","2":"type-product","3":"status-publish","4":"has-post-thumbnail","6":"product_cat-restauravimo-iranga","7":"product_cat-apsvietimas","9":"first","10":"outofstock","11":"product-type-simple"},"_links":{"self":[{"href":"https:\/\/tavieta.lt\/lv\/wp-json\/wp\/v2\/product\/12773","targetHints":{"allow":["GET"]}}],"collection":[{"href":"https:\/\/tavieta.lt\/lv\/wp-json\/wp\/v2\/product"}],"about":[{"href":"https:\/\/tavieta.lt\/lv\/wp-json\/wp\/v2\/types\/product"}],"wp:featuredmedia":[{"embeddable":true,"href":"https:\/\/tavieta.lt\/lv\/wp-json\/wp\/v2\/media\/11945"}],"wp:attachment":[{"href":"https:\/\/tavieta.lt\/lv\/wp-json\/wp\/v2\/media?parent=12773"}],"wp:term":[{"taxonomy":"product_brand","embeddable":true,"href":"https:\/\/tavieta.lt\/lv\/wp-json\/wp\/v2\/product_brand?post=12773"},{"taxonomy":"product_cat","embeddable":true,"href":"https:\/\/tavieta.lt\/lv\/wp-json\/wp\/v2\/product_cat?post=12773"},{"taxonomy":"product_tag","embeddable":true,"href":"https:\/\/tavieta.lt\/lv\/wp-json\/wp\/v2\/product_tag?post=12773"}],"curies":[{"name":"wp","href":"https:\/\/api.w.org\/{rel}","templated":true}]}}