{"id":12774,"date":"2024-02-07T09:22:47","date_gmt":"2024-02-07T09:22:47","guid":{"rendered":"http:\/\/tavieta.lt\/produktas\/dideles-talpos-dziovykles\/"},"modified":"2024-03-29T09:35:10","modified_gmt":"2024-03-29T09:35:10","slug":"dideles-talpos-dziovykles","status":"publish","type":"product","link":"https:\/\/tavieta.lt\/lv\/products\/dideles-talpos-dziovykles\/","title":{"rendered":"Lielas ietilp\u012bbas \u017e\u0101v\u0113t\u0101ji"},"content":{"rendered":"<p><span style=\"color: #000000; font-size: 16px;\"> \u00a0 Lielas ietilp\u012bbas vienpus\u0113js plauktu \u017e\u0101v\u0113t\u0101js pap\u012bra lok\u0161\u0146u \u017e\u0101v\u0113\u0161anai un loc\u012b\u0161anai, 60 da\u017e\u0101du izm\u0113ru stat\u012bvi ar neilona aukl\u0101m. P\u012bts siets 100 x 100 mm izm\u0113r\u0101. \u017d\u0101v\u0113t\u0101ji ir apr\u012bkoti ar rite\u0146iem. Galven\u0101s kr\u0101sas ir sarkana un sudraba, var izv\u0113l\u0113ties v\u0113lamo kr\u0101su.<\/span><\/p>\n<table style=\"width: 86.38754237313223%; height: 186px;\" cellspacing=\"0\" cellpadding=\"0\">\n<tbody>\n<tr>\n<td style=\"width: 27.30627306273063%; text-align: center;\" valign=\"top\">\n<p><strong><span style=\"color: #000000; font-size: 16px;\">Materi\u0101la kods<\/span><\/strong><\/p>\n<\/td>\n<td style=\"width: 59.040590405904055%; text-align: center;\" valign=\"top\">\n<p><strong><span style=\"color: #000000; font-size: 16px;\">Apraksts<\/span><\/strong><\/p>\n<\/td>\n<td style=\"width: 13.284132841328415%; text-align: center;\" valign=\"top\">\n<p><strong><span style=\"color: #000000; font-size: 16px;\">Iepakojums<\/span><\/strong><\/p>\n<\/td>\n<\/tr>\n<tr>\n<td style=\"width: 27.30627306273063%; text-align: center;\" valign=\"top\">\n<p><span style=\"color: #000000; font-size: 16px;\">OST00063-1<\/span><\/p>\n<\/td>\n<td style=\"width: 59.040590405904055%; text-align: center;\" valign=\"top\">\n<p><span style=\"color: #000000; font-size: 16px;\">Plauktu izm\u0113ri, 990 x 675 mm<\/span><\/p>\n<\/td>\n<td style=\"width: 13.284132841328415%; text-align: center;\" valign=\"top\">\n<p><span style=\"color: #000000; font-size: 16px;\">1 gab.<\/span><\/p>\n<\/td>\n<\/tr>\n<tr>\n<td style=\"width: 27.30627306273063%; text-align: center;\" valign=\"top\">\n<p><span style=\"color: #000000; font-size: 16px;\">OST00063-2<\/span><\/p>\n<\/td>\n<td style=\"width: 59.040590405904055%; text-align: center;\" valign=\"top\">\n<p><span style=\"color: #000000; font-size: 16px;\">Plauktu izm\u0113ri, 1260 x 800 mm<\/span><\/p>\n<\/td>\n<td style=\"width: 13.284132841328415%; text-align: center;\" valign=\"top\">\n<p><span style=\"color: #000000; font-size: 16px;\">1 gab.<\/span><\/p>\n<\/td>\n<\/tr>\n<tr>\n<td style=\"width: 27.30627306273063%; text-align: center;\" valign=\"top\">\n<p><span style=\"color: #000000; font-size: 16px;\">OST00063-3<\/span><\/p>\n<\/td>\n<td style=\"width: 59.040590405904055%; text-align: center;\" valign=\"top\">\n<p><span style=\"color: #000000; font-size: 16px;\">Plauktu izm\u0113ri, 1600 x 700 mm<\/span><\/p>\n<\/td>\n<td style=\"width: 13.284132841328415%; text-align: center;\" valign=\"top\">\n<p><span style=\"color: #000000; font-size: 16px;\">1 gab.<\/span><\/p>\n<\/td>\n<\/tr>\n<tr>\n<td style=\"width: 27.30627306273063%; text-align: center;\" valign=\"top\">\n<p><span style=\"color: #000000; font-size: 16px;\">OST00063-4<\/span><\/p>\n<\/td>\n<td style=\"width: 59.040590405904055%; text-align: center;\" valign=\"top\">\n<p><span style=\"color: #000000; font-size: 16px;\">Plauktu izm\u0113ri, 1600 x 1000 mm<\/span><\/p>\n<\/td>\n<td style=\"width: 13.284132841328415%; text-align: center;\" valign=\"top\">\n<p><span style=\"color: #000000; font-size: 16px;\">1 gab.<\/span><\/p>\n<\/td>\n<\/tr>\n<\/tbody>\n<\/table>\n<div id=\"gtx-trans\" style=\"position: absolute; left: 79px; top: 37px;\">\n<div class=\"gtx-trans-icon\"><\/div>\n<\/div>","protected":false},"excerpt":{"rendered":"<p>Lielas ietilp\u012bbas \u017e\u0101v\u0113t\u0101ji<\/p>","protected":false},"featured_media":11947,"template":"","meta":[],"product_brand":[],"product_cat":[149,170],"product_tag":[],"class_list":{"0":"post-12774","1":"product","2":"type-product","3":"status-publish","4":"has-post-thumbnail","6":"product_cat-restauratoriams","7":"product_cat-restauravimo-iranga","9":"first","10":"outofstock","11":"product-type-simple"},"_links":{"self":[{"href":"https:\/\/tavieta.lt\/lv\/wp-json\/wp\/v2\/product\/12774","targetHints":{"allow":["GET"]}}],"collection":[{"href":"https:\/\/tavieta.lt\/lv\/wp-json\/wp\/v2\/product"}],"about":[{"href":"https:\/\/tavieta.lt\/lv\/wp-json\/wp\/v2\/types\/product"}],"wp:featuredmedia":[{"embeddable":true,"href":"https:\/\/tavieta.lt\/lv\/wp-json\/wp\/v2\/media\/11947"}],"wp:attachment":[{"href":"https:\/\/tavieta.lt\/lv\/wp-json\/wp\/v2\/media?parent=12774"}],"wp:term":[{"taxonomy":"product_brand","embeddable":true,"href":"https:\/\/tavieta.lt\/lv\/wp-json\/wp\/v2\/product_brand?post=12774"},{"taxonomy":"product_cat","embeddable":true,"href":"https:\/\/tavieta.lt\/lv\/wp-json\/wp\/v2\/product_cat?post=12774"},{"taxonomy":"product_tag","embeddable":true,"href":"https:\/\/tavieta.lt\/lv\/wp-json\/wp\/v2\/product_tag?post=12774"}],"curies":[{"name":"wp","href":"https:\/\/api.w.org\/{rel}","templated":true}]}}