{"id":12775,"date":"2024-02-07T09:22:47","date_gmt":"2024-02-07T09:22:47","guid":{"rendered":"http:\/\/tavieta.lt\/produktas\/dvipusis-dziovinimo-stovas\/"},"modified":"2024-03-29T09:35:09","modified_gmt":"2024-03-29T09:35:09","slug":"dvipusis-dziovinimo-stovas","status":"publish","type":"product","link":"https:\/\/tavieta.lt\/lv\/products\/dvipusis-dziovinimo-stovas\/","title":{"rendered":"Divpus\u0113js \u017e\u0101v\u0113\u0161anas stat\u012bvs"},"content":{"rendered":"<p><span style=\"color: #000000; font-size: 16px;\">Galda \u017e\u0101v\u0113t\u0101js tiek izmantots atjaunoto arh\u012bvu sakrau\u0161anai un \u017e\u0101v\u0113\u0161anai darba laik\u0101. Specifik\u0101cijas: Plauktu izm\u0113ri: 400 x 600 mm, neilona auklas: 50 x 50 mm, plauktu skaits: 10, izstr\u0101d\u0101juma gabar\u012bti: 600 x 410 x 510 mm (saloc\u012bts plaukts 810 mm). Produkta svars: 5,1 kg, galven\u0101s kr\u0101sas: sarkana un sudraba.<\/span><\/p>\n<table style=\"width: 79.32050457088019%; height: 66px;\" cellspacing=\"0\" cellpadding=\"0\">\n<tbody>\n<tr style=\"height: 33px;\">\n<td style=\"width: 30.081300813008134%; text-align: center; height: 33px;\" valign=\"top\">\n<p><strong><span style=\"color: #000000; font-size: 16px;\">Materi\u0101la kods<\/span><\/strong><\/p>\n<\/td>\n<td style=\"width: 54.87804878048781%; text-align: center; height: 33px;\" valign=\"top\">\n<p><strong><span style=\"color: #000000; font-size: 16px;\">Apraksts<\/span><\/strong><\/p>\n<\/td>\n<td style=\"width: 15.853658536585364%; text-align: center; height: 33px;\" valign=\"top\">\n<p><strong><span style=\"color: #000000; font-size: 16px;\">Iepakojums<\/span><\/strong><\/p>\n<\/td>\n<\/tr>\n<tr style=\"height: 33px;\">\n<td style=\"width: 30.081300813008134%; text-align: center; height: 33px;\" valign=\"top\">\n<p><span style=\"color: #000000; font-size: 16px;\">10544<\/span><\/p>\n<\/td>\n<td style=\"width: 54.87804878048781%; text-align: center; height: 33px;\" valign=\"top\">\n<p><span style=\"color: #000000; font-size: 16px;\">CeibaDry - galda \u017e\u0101v\u0113t\u0101js<\/span><\/p>\n<\/td>\n<td style=\"width: 15.853658536585364%; text-align: center; height: 33px;\" valign=\"top\">\n<p><span style=\"color: #000000; font-size: 16px;\">1 gab.<\/span><\/p>\n<\/td>\n<\/tr>\n<\/tbody>\n<\/table>\n<div id=\"gtx-trans\" style=\"position: absolute; left: 79px; top: 37px;\">\n<div class=\"gtx-trans-icon\"><\/div>\n<\/div>","protected":false},"excerpt":{"rendered":"<p>Divpus\u0113js \u017e\u0101v\u0113\u0161anas stat\u012bvs<\/p>","protected":false},"featured_media":11949,"template":"","meta":[],"product_brand":[],"product_cat":[149,170],"product_tag":[],"class_list":{"0":"post-12775","1":"product","2":"type-product","3":"status-publish","4":"has-post-thumbnail","6":"product_cat-restauratoriams","7":"product_cat-restauravimo-iranga","9":"first","10":"outofstock","11":"product-type-simple"},"_links":{"self":[{"href":"https:\/\/tavieta.lt\/lv\/wp-json\/wp\/v2\/product\/12775","targetHints":{"allow":["GET"]}}],"collection":[{"href":"https:\/\/tavieta.lt\/lv\/wp-json\/wp\/v2\/product"}],"about":[{"href":"https:\/\/tavieta.lt\/lv\/wp-json\/wp\/v2\/types\/product"}],"wp:featuredmedia":[{"embeddable":true,"href":"https:\/\/tavieta.lt\/lv\/wp-json\/wp\/v2\/media\/11949"}],"wp:attachment":[{"href":"https:\/\/tavieta.lt\/lv\/wp-json\/wp\/v2\/media?parent=12775"}],"wp:term":[{"taxonomy":"product_brand","embeddable":true,"href":"https:\/\/tavieta.lt\/lv\/wp-json\/wp\/v2\/product_brand?post=12775"},{"taxonomy":"product_cat","embeddable":true,"href":"https:\/\/tavieta.lt\/lv\/wp-json\/wp\/v2\/product_cat?post=12775"},{"taxonomy":"product_tag","embeddable":true,"href":"https:\/\/tavieta.lt\/lv\/wp-json\/wp\/v2\/product_tag?post=12775"}],"curies":[{"name":"wp","href":"https:\/\/api.w.org\/{rel}","templated":true}]}}