{"id":12776,"date":"2024-02-07T09:22:54","date_gmt":"2024-02-07T09:22:54","guid":{"rendered":"http:\/\/tavieta.lt\/produktas\/ceibadry-stalvirsis-dziovykle\/"},"modified":"2024-03-29T09:35:08","modified_gmt":"2024-03-29T09:35:08","slug":"ceibadry-stalvirsis-dziovykle","status":"publish","type":"product","link":"https:\/\/tavieta.lt\/lv\/products\/ceibadry-stalvirsis-dziovykle\/","title":{"rendered":"CeibaDry - galda virsma - \u017e\u0101v\u0113t\u0101js"},"content":{"rendered":"<p><span style=\"color: #000000; font-size: 16px;\"> \u00a0Galda \u017e\u0101v\u0113t\u0101js tiek izmantots atjaunoto arh\u012bvu sakrau\u0161anai un \u017e\u0101v\u0113\u0161anai darba laik\u0101. Specifik\u0101cijas: Plauktu izm\u0113ri: 400 x 600 mm, neilona auklas: 50 x 50 mm, plauktu skaits: 10, izstr\u0101d\u0101juma gabar\u012bti: 600 x 410 x 510 mm (saloc\u012bts plaukts 810 mm). Produkta svars: 5,1 kg, galven\u0101s kr\u0101sas: sarkana un sudraba.<\/span><\/p>\n<table style=\"width: 95.7085020242915%; height: 67px;\" cellspacing=\"0\" cellpadding=\"0\">\n<tbody>\n<tr>\n<td style=\"text-align: center;\" valign=\"top\">\n<p><strong><span style=\"color: #000000; font-size: 16px;\">Materi\u0101la kods<\/span><\/strong><\/p>\n<\/td>\n<td style=\"text-align: center;\" valign=\"top\">\n<p><strong><span style=\"color: #000000; font-size: 16px;\">Apraksts<\/span><\/strong><\/p>\n<\/td>\n<td style=\"text-align: center;\" valign=\"top\">\n<p><strong><span style=\"color: #000000; font-size: 16px;\">Iepakojums<\/span><\/strong><\/p>\n<\/td>\n<\/tr>\n<tr>\n<td style=\"text-align: center;\" valign=\"top\">\n<p><span style=\"color: #000000; font-size: 16px;\">10544<\/span><\/p>\n<\/td>\n<td style=\"text-align: center;\" valign=\"top\">\n<p>CeibaDry - galda virsma - \u017e\u0101v\u0113t\u0101js<\/p>\n<\/td>\n<td style=\"text-align: center;\" valign=\"top\">\n<p><span style=\"color: #000000; font-size: 16px;\">1 gab.<\/span><\/p>\n<\/td>\n<\/tr>\n<\/tbody>\n<\/table>\n<div id=\"gtx-trans\" style=\"position: absolute; left: 79px; top: 37px;\">\n<div class=\"gtx-trans-icon\"><\/div>\n<\/div>","protected":false},"excerpt":{"rendered":"<p>CeibaDry - galda virsma - \u017e\u0101v\u0113t\u0101js<\/p>","protected":false},"featured_media":11951,"template":"","meta":[],"product_brand":[],"product_cat":[149,170],"product_tag":[],"class_list":{"0":"post-12776","1":"product","2":"type-product","3":"status-publish","4":"has-post-thumbnail","6":"product_cat-restauratoriams","7":"product_cat-restauravimo-iranga","9":"first","10":"outofstock","11":"product-type-simple"},"_links":{"self":[{"href":"https:\/\/tavieta.lt\/lv\/wp-json\/wp\/v2\/product\/12776","targetHints":{"allow":["GET"]}}],"collection":[{"href":"https:\/\/tavieta.lt\/lv\/wp-json\/wp\/v2\/product"}],"about":[{"href":"https:\/\/tavieta.lt\/lv\/wp-json\/wp\/v2\/types\/product"}],"wp:featuredmedia":[{"embeddable":true,"href":"https:\/\/tavieta.lt\/lv\/wp-json\/wp\/v2\/media\/11951"}],"wp:attachment":[{"href":"https:\/\/tavieta.lt\/lv\/wp-json\/wp\/v2\/media?parent=12776"}],"wp:term":[{"taxonomy":"product_brand","embeddable":true,"href":"https:\/\/tavieta.lt\/lv\/wp-json\/wp\/v2\/product_brand?post=12776"},{"taxonomy":"product_cat","embeddable":true,"href":"https:\/\/tavieta.lt\/lv\/wp-json\/wp\/v2\/product_cat?post=12776"},{"taxonomy":"product_tag","embeddable":true,"href":"https:\/\/tavieta.lt\/lv\/wp-json\/wp\/v2\/product_tag?post=12776"}],"curies":[{"name":"wp","href":"https:\/\/api.w.org\/{rel}","templated":true}]}}