{"id":12778,"date":"2024-02-07T09:22:54","date_gmt":"2024-02-07T09:22:54","guid":{"rendered":"http:\/\/tavieta.lt\/produktas\/knygu-risimo-kaisciu-presas\/"},"modified":"2025-01-30T12:00:21","modified_gmt":"2025-01-30T12:00:21","slug":"knygu-risimo-kaisciu-presas","status":"publish","type":"product","link":"https:\/\/tavieta.lt\/lv\/products\/knygu-risimo-kaisciu-presas\/","title":{"rendered":"Gr\u0101matu iesie\u0161anas piespraudes spiede"},"content":{"rendered":"<p><span style=\"color: #000000;\">Vienk\u0101r\u0161a gr\u0101matu iesie\u0161anas piesprau\u0161ana. Mas\u012bvkoka sijas un sloksnes ar tap\u0101m. P\u012bte ir pies\u016bcin\u0101ta ar vasku.<\/span><\/p>\n<p><span style=\"color: #000000;\"> \u00a0Specifik\u0101cijas: Izm\u0113ri: 57 x 31 cm Koka izm\u0113ri: 13 x 4 cm Darba garums: 43 cm, darba augstums: 20 cm Svars: 4,5 kg<\/span><\/p>\n<table style=\"width: 86.29078014184397%; height: 86px;\" cellspacing=\"0\" cellpadding=\"0\">\n<tbody>\n<tr>\n<td style=\"text-align: center;\" valign=\"top\">\n<p><strong><span style=\"color: #000000;\">Materi\u0101la kods<\/span><\/strong><\/p>\n<\/td>\n<td style=\"text-align: center;\" valign=\"top\">\n<p><strong><span style=\"color: #000000;\">Apraksts<\/span><\/strong><\/p>\n<\/td>\n<td style=\"text-align: center;\" valign=\"top\">\n<p><strong><span style=\"color: #000000;\">Iepakojums<\/span><\/strong><\/p>\n<\/td>\n<\/tr>\n<tr>\n<td style=\"text-align: center;\" valign=\"top\">\n<p><span style=\"color: #000000;\">RT1923<\/span><\/p>\n<\/td>\n<td style=\"text-align: center;\" valign=\"top\">\n<p><span style=\"color: #000000;\"> \u00a0  \u00a0  \u00a0  \u00a0  \u00a0  \u00a0  \u00a0  \u00a0  \u00a0  \u00a0  \u00a0 Gr\u0101matu iesie\u0161anas piespraudes spiede<\/span><\/p>\n<\/td>\n<td style=\"text-align: center;\" valign=\"top\">\n<p><span style=\"color: #000000;\">1 gab.<\/span><\/p>\n<\/td>\n<\/tr>\n<\/tbody>\n<\/table>\n<div id=\"gtx-trans\" style=\"position: absolute; left: 79px; top: 37px;\">\n<div class=\"gtx-trans-icon\"><\/div>\n<\/div>","protected":false},"excerpt":{"rendered":"<p>Gr\u0101matu iesie\u0161anas piespraudes spiede<\/p>","protected":false},"featured_media":11955,"template":"","meta":[],"product_brand":[],"product_cat":[123],"product_tag":[],"class_list":{"0":"post-12778","1":"product","2":"type-product","3":"status-publish","4":"has-post-thumbnail","6":"product_cat-knygu-spaustuvai","8":"first","9":"outofstock","10":"product-type-simple"},"_links":{"self":[{"href":"https:\/\/tavieta.lt\/lv\/wp-json\/wp\/v2\/product\/12778","targetHints":{"allow":["GET"]}}],"collection":[{"href":"https:\/\/tavieta.lt\/lv\/wp-json\/wp\/v2\/product"}],"about":[{"href":"https:\/\/tavieta.lt\/lv\/wp-json\/wp\/v2\/types\/product"}],"wp:featuredmedia":[{"embeddable":true,"href":"https:\/\/tavieta.lt\/lv\/wp-json\/wp\/v2\/media\/11955"}],"wp:attachment":[{"href":"https:\/\/tavieta.lt\/lv\/wp-json\/wp\/v2\/media?parent=12778"}],"wp:term":[{"taxonomy":"product_brand","embeddable":true,"href":"https:\/\/tavieta.lt\/lv\/wp-json\/wp\/v2\/product_brand?post=12778"},{"taxonomy":"product_cat","embeddable":true,"href":"https:\/\/tavieta.lt\/lv\/wp-json\/wp\/v2\/product_cat?post=12778"},{"taxonomy":"product_tag","embeddable":true,"href":"https:\/\/tavieta.lt\/lv\/wp-json\/wp\/v2\/product_tag?post=12778"}],"curies":[{"name":"wp","href":"https:\/\/api.w.org\/{rel}","templated":true}]}}