{"id":12779,"date":"2024-02-07T09:22:54","date_gmt":"2024-02-07T09:22:54","guid":{"rendered":"http:\/\/tavieta.lt\/produktas\/knygu-risimo-presas-kl-1-2-3\/"},"modified":"2025-01-31T13:33:37","modified_gmt":"2025-01-31T13:33:37","slug":"knygu-risimo-presas-kl-1-2-3","status":"publish","type":"product","link":"https:\/\/tavieta.lt\/lv\/products\/knygu-risimo-presas-kl-1-2-3\/","title":{"rendered":"Gr\u0101matu iesie\u0161anas prese KL 1, 2, 3"},"content":{"rendered":"<p><span style=\"color: #000000; font-size: 16px;\">Ar rok\u0101m darin\u0101tu gr\u0101matu iesie\u0161anas presi izmanto cieto v\u0101ku gr\u0101matu pres\u0113\u0161anai, izdruku, kol\u0101\u017eu, izdruku un l\u012bdz\u012bgu materi\u0101lu \u017e\u0101v\u0113\u0161anai. Pl\u0101ksnes ir izgatavotas no t\u0113rauda, prec\u012bzs aug\u0161\u0113j\u0101s pl\u0101ksnes virziens tiek fiks\u0113ts ar t\u0113rauda stie\u0146iem ar b\u012bd\u0101m\u0101m piedurkn\u0113m. Spiediens tiek regul\u0113ts manu\u0101li, pagrie\u017eot pogas, kas savienotas ar v\u012bt\u0146otu stieni.<\/span><\/p>\n<p><span style=\"color: #000000; font-size: 16px;\">Dizaina robustums nodro\u0161ina darb\u012bbas uzticam\u012bbu un ilgu kalpo\u0161anas laiku. Gr\u0101matu iesie\u0161anas presi var izgatavot ar\u012b cita izm\u0113ra darbagaldos, lai saspiestu augst\u0101ka augstuma materi\u0101lu. Preses svara d\u0113\u013c to var pieg\u0101d\u0101t ar iztur\u012bgu galdu un plauktu.<\/span><\/p>\n<p><span style=\"color: #000000; font-size: 16px;\">MODELIS KL-1 \/ KL-2 \/ KL-3<\/span><\/p>\n<p><span style=\"color: #000000; font-size: 16px;\">Darba laukums: 440 x 320 mm \/ 650 mm x 500 \/ 750 x 600 mm \u00a0<\/span><\/p>\n<p><span style=\"color: #000000; font-size: 16px;\">Maksim\u0101lais kompresijas sl\u0101nis: 320 mm \/ 400 mm \/ 400 mm \u00a0<\/span><\/p>\n<p><span style=\"color: #000000; font-size: 16px;\">Izm\u0113ri: (platums x garums x augstums) 525 x 330 x 535 mm \/ 745 x 510 x 630 mm \/ 855 x 610 x 630 mm Svars: 48 kg \/ 123 kg \/ 174 kg<\/span><\/p>\n<table style=\"width: 80.46668817154504%; height: 135px;\" cellspacing=\"0\" cellpadding=\"0\">\n<tbody>\n<tr>\n<td style=\"text-align: center; width: 25.517241379310345%;\" valign=\"top\"><strong><span style=\"color: #000000; font-size: 16px;\">Materi\u0101la kods<\/span><\/strong><\/td>\n<td style=\"text-align: center; width: 61.37931034482759%;\" valign=\"top\"><strong><span style=\"color: #000000; font-size: 16px;\">Apraksts<\/span><\/strong><\/td>\n<td style=\"text-align: center; width: 13.793103448275861%;\" valign=\"top\"><strong><span style=\"color: #000000; font-size: 16px;\">Iepakojums<\/span><\/strong><\/td>\n<\/tr>\n<tr>\n<td style=\"text-align: center; width: 25.517241379310345%;\" valign=\"top\"><span style=\"color: #000000; font-size: 16px;\">OST00132 <\/span><\/p>\n<p><span style=\"color: #000000; font-size: 16px;\">OST00132-1 <\/span><\/p>\n<p><span style=\"color: #000000; font-size: 16px;\">OST00132-2 <\/span><\/p>\n<p><span style=\"color: #000000; font-size: 16px;\">OST00132-3 <\/span><\/p>\n<p><span style=\"color: #000000; font-size: 16px;\">OST00132-4<\/span><\/td>\n<td style=\"text-align: center; width: 61.37931034482759%;\" valign=\"top\"><span style=\"color: #000000; font-size: 16px;\">Galda gr\u0101matu iesie\u0161anas prese KL-1 \u00a0<\/span><\/p>\n<p><span style=\"color: #000000; font-size: 16px;\">Galda gr\u0101matu iesie\u0161anas prese KL-2 \u00a0<\/span><\/p>\n<p><span style=\"color: #000000; font-size: 16px;\">Galda gr\u0101matu iesie\u0161anas prese KL-3<\/span><\/p>\n<p><span style=\"color: #000000; font-size: 16px;\">Galds zem preses<\/span><\/p>\n<p><span style=\"color: #000000; font-size: 16px;\">Galda gr\u0101matu iesie\u0161anas prese KL mini (A4)<\/span><\/td>\n<td style=\"text-align: center; width: 13.793103448275861%;\" valign=\"top\"><span style=\"color: #000000; font-size: 16px;\">1 gab.<\/span><\/p>\n<p><span style=\"color: #000000; font-size: 16px;\">1 gab.<\/span><\/p>\n<p><span style=\"color: #000000; font-size: 16px;\">1 gab.<\/span><\/p>\n<p><span style=\"color: #000000; font-size: 16px;\">1 gab.<\/span><\/p>\n<p><span style=\"color: #000000; font-size: 16px;\">1 gab.<\/span><\/td>\n<\/tr>\n<\/tbody>\n<\/table>","protected":false},"excerpt":{"rendered":"<p>Gr\u0101matu iesie\u0161anas prese. <span style=\"color: #000000; font-size: 16px;\">Ar rok\u0101m darin\u0101tu gr\u0101matu iesie\u0161anas presi izmanto cieto v\u0101ku gr\u0101matu pres\u0113\u0161anai, izdruku, kol\u0101\u017eu, izdruku un l\u012bdz\u012bgu materi\u0101lu \u017e\u0101v\u0113\u0161anai. Pl\u0101ksnes ir izgatavotas no t\u0113rauda, prec\u012bzs aug\u0161\u0113j\u0101s pl\u0101ksnes virziens tiek fiks\u0113ts ar t\u0113rauda stie\u0146iem ar b\u012bd\u0101m\u0101m piedurkn\u0113m. Spiediens tiek regul\u0113ts manu\u0101li, pagrie\u017eot pogas, kas savienotas ar v\u012bt\u0146otu stieni.<\/span><\/p>","protected":false},"featured_media":11957,"template":"","meta":[],"product_brand":[],"product_cat":[218,123],"product_tag":[],"class_list":{"0":"post-12779","1":"product","2":"type-product","3":"status-publish","4":"has-post-thumbnail","6":"product_cat-populiariausi-produktai","7":"product_cat-knygu-spaustuvai","9":"first","10":"outofstock","11":"product-type-simple"},"_links":{"self":[{"href":"https:\/\/tavieta.lt\/lv\/wp-json\/wp\/v2\/product\/12779","targetHints":{"allow":["GET"]}}],"collection":[{"href":"https:\/\/tavieta.lt\/lv\/wp-json\/wp\/v2\/product"}],"about":[{"href":"https:\/\/tavieta.lt\/lv\/wp-json\/wp\/v2\/types\/product"}],"wp:featuredmedia":[{"embeddable":true,"href":"https:\/\/tavieta.lt\/lv\/wp-json\/wp\/v2\/media\/11957"}],"wp:attachment":[{"href":"https:\/\/tavieta.lt\/lv\/wp-json\/wp\/v2\/media?parent=12779"}],"wp:term":[{"taxonomy":"product_brand","embeddable":true,"href":"https:\/\/tavieta.lt\/lv\/wp-json\/wp\/v2\/product_brand?post=12779"},{"taxonomy":"product_cat","embeddable":true,"href":"https:\/\/tavieta.lt\/lv\/wp-json\/wp\/v2\/product_cat?post=12779"},{"taxonomy":"product_tag","embeddable":true,"href":"https:\/\/tavieta.lt\/lv\/wp-json\/wp\/v2\/product_tag?post=12779"}],"curies":[{"name":"wp","href":"https:\/\/api.w.org\/{rel}","templated":true}]}}