{"id":12781,"date":"2024-02-07T09:23:01","date_gmt":"2024-02-07T09:23:01","guid":{"rendered":"http:\/\/tavieta.lt\/produktas\/sildomas-presas-bbp-a3\/"},"modified":"2025-01-30T11:59:26","modified_gmt":"2025-01-30T11:59:26","slug":"sildomas-presas-bbp-a3","status":"publish","type":"product","link":"https:\/\/tavieta.lt\/lv\/products\/sildomas-presas-bbp-a3\/","title":{"rendered":"Apsild\u0101m\u0101 prese BBP-A3"},"content":{"rendered":"<p><span style=\"color: #000000; font-size: 16px;\"> \u00a0Unik\u0101l\u0101 apsild\u0101m\u0101 gr\u0101matu un pap\u012bra prese BBP A3 ir izstr\u0101d\u0101ta, lai saplacin\u0101tu l\u012bdz A3 form\u0101ta pap\u012bra kaudzes vai atsevi\u0161\u0137as gr\u0101matas l\u012bdz\u012bg\u0101 form\u0101t\u0101. Atbalsta r\u0101m\u012b ir ievietotas divas pres\u0113\u0161anas pl\u0101ksnes. Aug\u0161\u0113jo pres\u0113\u0161anas pl\u0101k\u0161\u0146u augstums tiek iestat\u012bts ar v\u0101rpstas piedzi\u0146u ar rokas riteni. Maksim\u0101lais att\u0101lums starp div\u0101m pres\u0113\u0161anas pl\u0101ksn\u0113m ir 230 mm. Apak\u0161\u0113j\u0101 kompresijas pl\u0101ksne balst\u0101s uz pamatnes, kas ir savienota ar r\u0101mja konstrukciju, izmantojot pneimatiskos silfonus. Pl\u0101k\u0161\u0146u vado\u0161\u0101s tapas ir pret rot\u0101ciju un neizmanto silfonus, un ir tie\u0161i uzst\u0101d\u012btas uz \u010detriem balstiem. Kad pacel\u0161anas funkcija ir aktiviz\u0113ta, pres\u0113\u0161anas pl\u0101ksne tiek pacelta l\u012bdz 40 mm un nospiesta pret aug\u0161\u0113jo pl\u0101ksni. Abas pres\u0113\u0161anas pl\u0101ksnes tiek uzkars\u0113tas ar atsevi\u0161\u0137i vad\u0101m\u0101m elektrisk\u0101m sild\u012b\u0161anas pl\u0101ksn\u0113m l\u012bdz aptuveni 50 \u00b0C temperat\u016brai.<\/span><\/p>\n<table style=\"width: 72.95167286245353%; height: 65px;\" cellspacing=\"0\" cellpadding=\"0\">\n<tbody>\n<tr>\n<td style=\"text-align: center;\" valign=\"top\">\n<p><strong><span style=\"color: #000000; font-size: 16px;\">Materi\u0101la kods<\/span><\/strong><\/p>\n<\/td>\n<td style=\"text-align: center;\" valign=\"top\">\n<p><strong><span style=\"color: #000000; font-size: 16px;\">Apraksts<\/span><\/strong><\/p>\n<\/td>\n<td style=\"text-align: center;\" valign=\"top\">\n<p><strong><span style=\"color: #000000; font-size: 16px;\">Iepakojums<\/span><\/strong><\/p>\n<\/td>\n<\/tr>\n<tr>\n<td style=\"text-align: center;\" valign=\"top\">\n<p><span style=\"color: #000000; font-size: 16px;\">BBP-A3<\/span><\/p>\n<\/td>\n<td style=\"text-align: center;\" valign=\"top\">\n<p><span style=\"color: #000000; font-size: 16px;\"> \u00a0Apsild\u0101m\u0101 prese BBP-A3<\/span><\/p>\n<\/td>\n<td style=\"text-align: center;\" valign=\"top\">\n<p><span style=\"color: #000000; font-size: 16px;\">1 gab.<\/span><\/p>\n<\/td>\n<\/tr>\n<\/tbody>\n<\/table>\n<p><strong><span style=\"color: #000000; font-size: 16px;\">Tehniskie dati: \u00a0<\/span><\/strong><\/p>\n<table style=\"width: 62.138117289875105%; height: 668px;\" cellspacing=\"0\" cellpadding=\"0\">\n<tbody>\n<tr style=\"height: 32px;\">\n<td style=\"height: 32px; width: 55.87467362924282%; text-align: center;\" colspan=\"2\" valign=\"bottom\">\n<p><span style=\"color: #000000; font-size: 16px;\">Nospiediet svaru<\/span><\/p>\n<\/td>\n<td style=\"height: 32px; width: 11.488250652741515%; text-align: center;\" colspan=\"2\" valign=\"top\"><span style=\"color: #000000; font-size: 16px;\"><span style=\"color: #000000; font-size: 16px;\"><span style=\"font-size: 16px; font-family: inherit;\">140\u00a0kg<\/span><br \/>\n<\/span><\/span><span style=\"color: #000000; font-size: 16px;\"> \u00a0<\/span><\/td>\n<\/tr>\n<tr style=\"height: 32px;\">\n<td style=\"height: 32px; width: 88.25065274151436%; text-align: center;\" colspan=\"2\" valign=\"bottom\">\n<p><span style=\"color: #000000; font-size: 16px;\">Platums<\/span><\/p>\n<\/td>\n<td style=\"height: 32px; width: 10.966057441253264%; text-align: center;\" valign=\"middle\">\n<p><span style=\"color: #000000; font-size: 16px;\">600 mm<\/span><\/p>\n<\/td>\n<td style=\"height: 32px; width: 0.5221932114882507%;\" valign=\"top\"> \u00a0<\/td>\n<\/tr>\n<tr style=\"height: 32px;\">\n<td style=\"height: 32px; width: 88.25065274151436%; text-align: center;\" colspan=\"2\" valign=\"bottom\">\n<p><span style=\"color: #000000; font-size: 16px;\">Dzi\u013cums<\/span><\/p>\n<\/td>\n<td style=\"height: 32px; width: 10.966057441253264%; text-align: center;\" valign=\"middle\">\n<p><span style=\"color: #000000; font-size: 16px;\">600 mm<\/span><\/p>\n<\/td>\n<td style=\"height: 32px; width: 0.5221932114882507%;\" valign=\"top\"> \u00a0<\/td>\n<\/tr>\n<tr style=\"height: 32px;\">\n<td style=\"height: 32px; width: 88.25065274151436%; text-align: center;\" colspan=\"2\" valign=\"bottom\">\n<p><span style=\"color: #000000; font-size: 16px;\">Augstums (pres\u0113\u0161anas pl\u0101ksne aizv\u0113rta) \u00a0<\/span><\/p>\n<\/td>\n<td style=\"height: 32px; width: 10.966057441253264%; text-align: center;\" valign=\"middle\">\n<p><span style=\"color: #000000; font-size: 16px;\">1410 mm<\/span><\/p>\n<\/td>\n<td style=\"height: 32px; width: 0.5221932114882507%;\" valign=\"top\"> \u00a0<\/td>\n<\/tr>\n<tr style=\"height: 32px;\">\n<td style=\"height: 32px; width: 88.25065274151436%; text-align: center;\" colspan=\"2\" valign=\"bottom\">\n<p><span style=\"color: #000000; font-size: 16px;\">Augstums (pres\u0113\u0161anas pl\u0101ksne atv\u0113rta)<\/span><\/p>\n<\/td>\n<td style=\"height: 32px; width: 10.966057441253264%; text-align: center;\" valign=\"middle\">\n<p><span style=\"color: #000000; font-size: 16px;\">1640 mm<\/span><\/p>\n<\/td>\n<td style=\"height: 32px; width: 0.5221932114882507%;\" valign=\"top\"> \u00a0<\/td>\n<\/tr>\n<tr style=\"height: 32px;\">\n<td style=\"height: 32px; width: 88.25065274151436%; text-align: center;\" colspan=\"2\" valign=\"bottom\">\n<p><span style=\"color: #000000; font-size: 16px;\"> \u00a0Darba augstums<\/span><\/p>\n<\/td>\n<td style=\"height: 32px; width: 10.966057441253264%; text-align: center;\" valign=\"middle\">\n<p><span style=\"color: #000000; font-size: 16px;\">850 mm<\/span><\/p>\n<\/td>\n<td style=\"height: 32px; width: 0.5221932114882507%;\" valign=\"top\"> \u00a0<\/td>\n<\/tr>\n<tr style=\"height: 32px;\">\n<td style=\"height: 32px; width: 88.25065274151436%; text-align: center;\" colspan=\"2\" valign=\"bottom\">\n<p><span style=\"color: #000000; font-size: 16px;\">Maksim\u0101lais atv\u0113rto pane\u013cu augstums<\/span><\/p>\n<\/td>\n<td style=\"height: 32px; width: 10.966057441253264%; text-align: center;\" valign=\"middle\">\n<p><span style=\"color: #000000; font-size: 16px;\">230 mm<\/span><\/p>\n<\/td>\n<td style=\"height: 32px; width: 0.5221932114882507%;\" valign=\"top\"> \u00a0<\/td>\n<\/tr>\n<tr style=\"height: 32px;\">\n<td style=\"height: 32px; width: 88.25065274151436%; text-align: center;\" colspan=\"2\" valign=\"bottom\">\n<p><span style=\"color: #000000; font-size: 16px;\">Maksimums. Dzi\u013cuma piekares apak\u0161\u0113j\u0101s kompresijas pl\u0101ksnes pneimatisk\u0101 vad\u012bba<\/span><\/p>\n<\/td>\n<td style=\"height: 32px; width: 10.966057441253264%; text-align: center;\" valign=\"middle\">\n<p><span style=\"color: #000000; font-size: 16px;\">40 mm<\/span><\/p>\n<\/td>\n<td style=\"height: 32px; width: 0.5221932114882507%;\" valign=\"top\"> \u00a0<\/td>\n<\/tr>\n<tr style=\"height: 32px;\">\n<td style=\"height: 32px; width: 88.25065274151436%; text-align: center;\" colspan=\"2\" valign=\"bottom\">\n<p><span style=\"color: #000000; font-size: 16px;\"> \u00a0Spiediena jauda 2 b\u0101ri (g) (minim\u0101lais spiediens) \u00a0<\/span><\/p>\n<\/td>\n<td style=\"height: 32px; width: 10.966057441253264%; text-align: center;\" valign=\"middle\">\n<p><span style=\"color: #000000; font-size: 16px;\">6,0 kN<\/span><\/p>\n<\/td>\n<td style=\"height: 32px; width: 0.5221932114882507%;\" valign=\"top\"> \u00a0<\/td>\n<\/tr>\n<tr style=\"height: 32px;\">\n<td style=\"height: 32px; width: 88.25065274151436%; text-align: center;\" colspan=\"2\" valign=\"bottom\">\n<p><span style=\"color: #000000; font-size: 16px;\">Spiediena jauda 3 b\u0101ri (g) (norm\u0101ls spiediens))<\/span><\/p>\n<\/td>\n<td style=\"height: 32px; width: 10.966057441253264%; text-align: center;\" valign=\"middle\">\n<p><span style=\"color: #000000; font-size: 16px;\">8,7 kN<\/span><\/p>\n<\/td>\n<td style=\"height: 32px; width: 0.5221932114882507%;\" valign=\"top\"> \u00a0<\/td>\n<\/tr>\n<tr style=\"height: 32px;\">\n<td style=\"height: 32px; width: 88.25065274151436%; text-align: center;\" colspan=\"2\" valign=\"bottom\">\n<p><span style=\"color: #000000; font-size: 16px;\">Spiediena jauda 4 b\u0101ri (g) (maksim\u0101lais spiediens) \u00a0<\/span><\/p>\n<\/td>\n<td style=\"height: 32px; width: 10.966057441253264%; text-align: center;\" valign=\"middle\">\n<p><span style=\"color: #000000; font-size: 16px;\"> \u00a0 \u00a0 11,6 kN<\/span><\/p>\n<\/td>\n<td style=\"height: 32px; width: 0.5221932114882507%;\" valign=\"top\"> \u00a0<\/td>\n<\/tr>\n<tr style=\"height: 32px;\">\n<td style=\"height: 32px; width: 88.25065274151436%; text-align: center;\" colspan=\"2\" valign=\"bottom\">\n<p><span style=\"color: #000000; font-size: 16px;\">Preses pl\u0101k\u0161\u0146u darba temperat\u016bra \u00a0<\/span><\/p>\n<\/td>\n<td style=\"height: 32px; width: 10.966057441253264%; text-align: center;\" valign=\"middle\">\n<p><span style=\"color: #000000; font-size: 16px;\">50 &quot;\u0192<\/span><\/p>\n<\/td>\n<td style=\"height: 32px; width: 0.5221932114882507%;\" valign=\"top\"> \u00a0<\/td>\n<\/tr>\n<tr style=\"height: 32px;\">\n<td style=\"height: 32px; width: 88.25065274151436%; text-align: center;\" colspan=\"2\" valign=\"bottom\">\n<p><span style=\"color: #000000; font-size: 16px;\">Sild\u012b\u0161anas jauda (uz \u0161\u0137\u012bvi)<\/span><\/p>\n<\/td>\n<td style=\"height: 32px; width: 10.966057441253264%; text-align: center;\" valign=\"middle\">\n<p><span style=\"color: #000000; font-size: 16px;\">700\u00a0W<\/span><\/p>\n<\/td>\n<td style=\"height: 32px; width: 0.5221932114882507%;\" valign=\"top\"> \u00a0<\/td>\n<\/tr>\n<tr style=\"height: 32px;\">\n<td style=\"height: 32px; width: 88.25065274151436%; text-align: center;\" colspan=\"2\" valign=\"bottom\">\n<p><strong><span style=\"color: #000000; font-size: 16px;\">Darb\u012bbas resursi<\/span><\/strong><\/p>\n<\/td>\n<td style=\"height: 32px; width: 10.966057441253264%; text-align: center;\" valign=\"middle\"> \u00a0<\/td>\n<td style=\"height: 32px; width: 0.5221932114882507%;\" valign=\"top\"> \u00a0<\/td>\n<\/tr>\n<tr style=\"height: 32px;\">\n<td style=\"height: 32px; width: 88.25065274151436%; text-align: center;\" colspan=\"2\" valign=\"bottom\">\n<p><span style=\"color: #000000; font-size: 16px;\"> \u00a0Saspiesta gaisa padeve (nav iek\u013cauta)<\/span><\/p>\n<\/td>\n<td style=\"height: 32px; width: 10.966057441253264%; text-align: center;\" valign=\"middle\">\n<p><span style=\"color: #000000; font-size: 16px;\">4-10 b\u0101ri \u00a0<\/span><\/p>\n<\/td>\n<td style=\"height: 32px; width: 0.5221932114882507%;\" valign=\"top\"> \u00a0<\/td>\n<\/tr>\n<tr style=\"height: 32px;\">\n<td style=\"height: 32px; width: 88.25065274151436%; text-align: center;\" colspan=\"2\" valign=\"bottom\">\n<p><span style=\"color: #000000; font-size: 16px;\">Saspiest\u0101 gaisa tilpums (4 b\u0101ri (g) uz pilnu g\u0101jienu)<\/span><\/p>\n<\/td>\n<td style=\"height: 32px; width: 10.966057441253264%; text-align: center;\" valign=\"middle\">\n<p><span style=\"color: #000000; font-size: 16px;\">5 NI<\/span><\/p>\n<\/td>\n<td style=\"height: 32px; width: 0.5221932114882507%;\" valign=\"top\"> \u00a0<\/td>\n<\/tr>\n<tr style=\"height: 32px;\">\n<td style=\"height: 32px; width: 88.25065274151436%; text-align: center;\" colspan=\"2\" valign=\"bottom\">\n<p><span style=\"color: #000000; font-size: 16px;\">Saspiest\u0101 gaisa piesl\u0113gums ar \u0161\u013c\u016bteni un savienojuma spraudni<\/span><\/p>\n<\/td>\n<td style=\"height: 32px; width: 10.966057441253264%; text-align: center;\" valign=\"middle\">\n<p><span style=\"color: #000000; font-size: 16px;\">2 gadi<\/span><\/p>\n<\/td>\n<td style=\"height: 32px; width: 0.5221932114882507%;\" valign=\"top\"> \u00a0<\/td>\n<\/tr>\n<tr style=\"height: 32px;\">\n<td style=\"height: 32px; width: 88.25065274151436%; text-align: center;\" colspan=\"2\" valign=\"bottom\">\n<p><span style=\"color: #000000; font-size: 16px;\">Str\u0101vas kontaktligzdu nomin\u0101lais spriegums<\/span><\/p>\n<\/td>\n<td style=\"height: 32px; width: 10.966057441253264%; text-align: center;\" valign=\"middle\">\n<p><span style=\"color: #000000; font-size: 16px;\">230 V<\/span><\/p>\n<\/td>\n<td style=\"height: 32px; width: 0.5221932114882507%;\" valign=\"top\"> \u00a0<\/td>\n<\/tr>\n<tr style=\"height: 32px;\">\n<td style=\"height: 32px; width: 88.25065274151436%; text-align: center;\" colspan=\"2\" valign=\"bottom\">\n<p><span style=\"color: #000000; font-size: 16px;\">Bie\u017eums<\/span><\/p>\n<\/td>\n<td style=\"height: 32px; width: 10.966057441253264%; text-align: center;\" valign=\"middle\">\n<p><span style=\"color: #000000; font-size: 16px;\">50 Hz<\/span><\/p>\n<\/td>\n<td style=\"height: 32px; width: 0.5221932114882507%;\" valign=\"top\"> \u00a0<\/td>\n<\/tr>\n<tr style=\"height: 32px;\">\n<td style=\"height: 32px; width: 88.25065274151436%; text-align: center;\" colspan=\"2\" valign=\"bottom\">\n<p><span style=\"color: #000000; font-size: 16px;\"> \u00a0Nomin\u0101lie gali<\/span><\/p>\n<\/td>\n<td style=\"height: 32px; width: 10.966057441253264%; text-align: center;\" valign=\"middle\">\n<p><span style=\"color: #000000; font-size: 16px;\"> \u00a02,2 kW<\/span><\/p>\n<\/td>\n<td style=\"height: 32px; width: 0.5221932114882507%;\" valign=\"top\"> \u00a0<\/td>\n<\/tr>\n<\/tbody>\n<\/table>\n<p>&nbsp;<\/p>\n<div id=\"gtx-trans\" style=\"position: absolute; left: 79px; top: 37px;\">\n<div class=\"gtx-trans-icon\"><\/div>\n<\/div>","protected":false},"excerpt":{"rendered":"<p>Apsild\u0101m\u0101 prese BBP-A2<\/p>","protected":false},"featured_media":11961,"template":"","meta":[],"product_brand":[],"product_cat":[123],"product_tag":[],"class_list":{"0":"post-12781","1":"product","2":"type-product","3":"status-publish","4":"has-post-thumbnail","6":"product_cat-knygu-spaustuvai","8":"first","9":"outofstock","10":"product-type-simple"},"_links":{"self":[{"href":"https:\/\/tavieta.lt\/lv\/wp-json\/wp\/v2\/product\/12781","targetHints":{"allow":["GET"]}}],"collection":[{"href":"https:\/\/tavieta.lt\/lv\/wp-json\/wp\/v2\/product"}],"about":[{"href":"https:\/\/tavieta.lt\/lv\/wp-json\/wp\/v2\/types\/product"}],"wp:featuredmedia":[{"embeddable":true,"href":"https:\/\/tavieta.lt\/lv\/wp-json\/wp\/v2\/media\/11961"}],"wp:attachment":[{"href":"https:\/\/tavieta.lt\/lv\/wp-json\/wp\/v2\/media?parent=12781"}],"wp:term":[{"taxonomy":"product_brand","embeddable":true,"href":"https:\/\/tavieta.lt\/lv\/wp-json\/wp\/v2\/product_brand?post=12781"},{"taxonomy":"product_cat","embeddable":true,"href":"https:\/\/tavieta.lt\/lv\/wp-json\/wp\/v2\/product_cat?post=12781"},{"taxonomy":"product_tag","embeddable":true,"href":"https:\/\/tavieta.lt\/lv\/wp-json\/wp\/v2\/product_tag?post=12781"}],"curies":[{"name":"wp","href":"https:\/\/api.w.org\/{rel}","templated":true}]}}