{"id":12783,"date":"2024-02-07T09:23:01","date_gmt":"2024-02-07T09:23:01","guid":{"rendered":"http:\/\/tavieta.lt\/produktas\/komandines-pjaustymo-sistemos-du-viename\/"},"modified":"2024-03-29T09:35:01","modified_gmt":"2024-03-29T09:35:01","slug":"komandines-pjaustymo-sistemos-du-viename","status":"publish","type":"product","link":"https:\/\/tavieta.lt\/lv\/products\/komandines-pjaustymo-sistemos-du-viename\/","title":{"rendered":"Komandas grie\u0161anas sist\u0113mas - divi vien\u0101"},"content":{"rendered":"<p><span style=\"color: #000000; font-size: 16px;\"> \u00a0 \u00a0 Logan 424 un 440: komandu sist\u0113ma. Sav\u0101c to visu kop\u0101. \u0160aj\u0101 praktiskaj\u0101 kombin\u0113taj\u0101 sist\u0113m\u0101 ietilpst 24\u00a0collu (61\u00a0cm) vai 40\u00a0collu (101\u00a0cm) taisna mala un Logan manu\u0101l\u0101 griez\u0113ja papl\u0101te prec\u012bziem un kvalitat\u012bviem griezumiem.<\/span><\/p>\n<table style=\"width: 74.80786026200873%; height: 91px;\" cellspacing=\"0\" cellpadding=\"0\">\n<tbody>\n<tr>\n<td style=\"text-align: center;\" valign=\"top\">\n<p><strong><span style=\"color: #000000; font-size: 16px;\">Materi\u0101la kods<\/span><\/strong><\/p>\n<\/td>\n<td style=\"text-align: center;\" valign=\"top\">\n<p><strong><span style=\"color: #000000; font-size: 16px;\">Apraksts<\/span><\/strong><\/p>\n<\/td>\n<td style=\"text-align: center;\" valign=\"top\">\n<p><strong><span style=\"color: #000000; font-size: 16px;\">Iepakojums<\/span><\/strong><\/p>\n<\/td>\n<\/tr>\n<tr>\n<td style=\"text-align: center;\" valign=\"top\">\n<p><span style=\"color: #000000; font-size: 16px;\">LG424 <\/span><\/p>\n<p><span style=\"color: #000000; font-size: 16px;\">LG440<\/span><\/p>\n<\/td>\n<td style=\"text-align: center;\" valign=\"top\">\n<p><span style=\"color: #000000; font-size: 16px;\">Komandu sist\u0113ma 61 cm \u00a0<\/span><\/p>\n<p><span style=\"color: #000000; font-size: 16px;\">Komandu sist\u0113ma 101 cm<\/span><\/p>\n<\/td>\n<td style=\"text-align: center;\" valign=\"top\">\n<p><span style=\"color: #000000; font-size: 16px;\">1 gab.<\/span><\/p>\n<p><span style=\"color: #000000; font-size: 16px;\">1 gab.<\/span><\/p>\n<\/td>\n<\/tr>\n<\/tbody>\n<\/table>\n<div id=\"gtx-trans\" style=\"position: absolute; left: 79px; top: 37px;\">\n<div class=\"gtx-trans-icon\"><\/div>\n<\/div>","protected":false},"excerpt":{"rendered":"<p>Komandas grie\u0161anas sist\u0113mas - divi vien\u0101<\/p>","protected":false},"featured_media":12366,"template":"","meta":[],"product_brand":[],"product_cat":[149,170],"product_tag":[],"class_list":{"0":"post-12783","1":"product","2":"type-product","3":"status-publish","4":"has-post-thumbnail","6":"product_cat-restauratoriams","7":"product_cat-restauravimo-iranga","9":"first","10":"outofstock","11":"product-type-simple"},"_links":{"self":[{"href":"https:\/\/tavieta.lt\/lv\/wp-json\/wp\/v2\/product\/12783","targetHints":{"allow":["GET"]}}],"collection":[{"href":"https:\/\/tavieta.lt\/lv\/wp-json\/wp\/v2\/product"}],"about":[{"href":"https:\/\/tavieta.lt\/lv\/wp-json\/wp\/v2\/types\/product"}],"wp:featuredmedia":[{"embeddable":true,"href":"https:\/\/tavieta.lt\/lv\/wp-json\/wp\/v2\/media\/12366"}],"wp:attachment":[{"href":"https:\/\/tavieta.lt\/lv\/wp-json\/wp\/v2\/media?parent=12783"}],"wp:term":[{"taxonomy":"product_brand","embeddable":true,"href":"https:\/\/tavieta.lt\/lv\/wp-json\/wp\/v2\/product_brand?post=12783"},{"taxonomy":"product_cat","embeddable":true,"href":"https:\/\/tavieta.lt\/lv\/wp-json\/wp\/v2\/product_cat?post=12783"},{"taxonomy":"product_tag","embeddable":true,"href":"https:\/\/tavieta.lt\/lv\/wp-json\/wp\/v2\/product_tag?post=12783"}],"curies":[{"name":"wp","href":"https:\/\/api.w.org\/{rel}","templated":true}]}}