{"id":12791,"date":"2024-02-07T09:26:16","date_gmt":"2024-02-07T09:26:16","guid":{"rendered":"http:\/\/tavieta.lt\/produktas\/depulver-knygu-valymo-irenginys\/"},"modified":"2024-03-29T09:34:57","modified_gmt":"2024-03-29T09:34:57","slug":"depulver-knygu-valymo-irenginys","status":"publish","type":"product","link":"https:\/\/tavieta.lt\/lv\/products\/depulver-knygu-valymo-irenginys\/","title":{"rendered":"Depulver gr\u0101matu t\u012br\u012bt\u0101js"},"content":{"rendered":"<p><span style=\"color: #000000; font-size: 16px;\">Depulvera\u00ae ir piln\u012bb\u0101 autom\u0101tiska gr\u0101matu t\u012br\u012b\u0161anas sist\u0113ma putek\u013cu no\u0146em\u0161anai no gr\u0101mat\u0101m. Ar vienu gr\u0101matu apstr\u0101di iek\u0101rta garant\u0113 optim\u0101lu putek\u013cu no\u0146em\u0161anu no j\u016bsu kolekcijas. T\u0101 ir izstr\u0101d\u0101ta, lai nodro\u0161in\u0101tu nemain\u012bgu augstas kvalit\u0101tes t\u012br\u012b\u0161anu, lai p\u0113d\u0113j\u0101 gr\u0101mata, ko taj\u0101 dien\u0101 t\u012br\u012bj\u0101t, tiktu izt\u012br\u012bta ar t\u0101du pa\u0161u kvalit\u0101ti k\u0101 pirm\u0101. Depulvera\u00ae ir kompakts un viegli lietojams, un to var izmantot konservatori un bibliot\u0113ku tehni\u0137i vis\u0101s gr\u0101matu rind\u0101s, iz\u0146emot \u013coti \u0161auras. Tas darbojas kop\u0101 ar \u0101r\u0113jo Hepa putek\u013cu s\u016bc\u0113ju, lai nodro\u0161in\u0101tu lietot\u0101jiem dro\u0161u vidi.<\/span><\/p>\n<p><span style=\"color: #000000; font-size: 16px;\">Maksim\u0101lie gr\u0101matas izm\u0113ri (PxGxA): 140 x 300 x 400 mm \u00a0<\/span><\/p>\n<p><span style=\"color: #000000; font-size: 16px;\">Ma\u0161\u012bnas izm\u0113ri (PxGxA): 750 x 1150 x 1200 mm \u00a0<\/span><\/p>\n<p><span style=\"color: #000000; font-size: 16px;\">Darba \u0101trums: 12 gr\u0101matas\/min.<\/span><\/p>\n<table style=\"width: 93.01470588235294%; height: 78px;\" cellspacing=\"0\" cellpadding=\"0\">\n<tbody>\n<tr>\n<td style=\"text-align: center;\" valign=\"top\">\n<p><strong><span style=\"color: #000000; font-size: 16px;\">Materi\u0101la kods<\/span><\/strong><\/p>\n<\/td>\n<td style=\"text-align: center;\" valign=\"top\">\n<p><strong><span style=\"color: #000000; font-size: 16px;\">Apraksts<\/span><\/strong><\/p>\n<\/td>\n<td style=\"text-align: center;\" valign=\"top\">\n<p><strong><span style=\"color: #000000; font-size: 16px;\">Iepakojums<\/span><\/strong><\/p>\n<\/td>\n<\/tr>\n<tr>\n<td style=\"text-align: center;\" valign=\"top\">\n<p><span style=\"color: #000000; font-size: 16px;\">OR003 <\/span><\/p>\n<p><span style=\"color: #000000; font-size: 16px;\">OR004<\/span><\/p>\n<\/td>\n<td style=\"text-align: center;\" valign=\"top\">\n<p><span style=\"color: #000000; font-size: 16px;\">Depulver \u00a0<\/span><\/p>\n<p><span style=\"color: #000000; font-size: 16px;\">\u0100ra putek\u013cu s\u016bc\u0113js<\/span><\/p>\n<\/td>\n<td style=\"text-align: center;\" valign=\"top\">\n<p><span style=\"color: #000000; font-size: 16px;\">1 gab.<\/span><\/p>\n<p><span style=\"color: #000000; font-size: 16px;\">1 gab.<\/span><\/p>\n<\/td>\n<\/tr>\n<\/tbody>\n<\/table>\n<div id=\"gtx-trans\" style=\"position: absolute; left: 79px; top: 37px;\">\n<div class=\"gtx-trans-icon\"><\/div>\n<\/div>","protected":false},"excerpt":{"rendered":"<p>Depulvera ir autom\u0101tiska gr\u0101matu t\u012br\u012b\u0161anas sist\u0113ma<\/p>","protected":false},"featured_media":11351,"template":"","meta":[],"product_brand":[],"product_cat":[149,170],"product_tag":[],"class_list":{"0":"post-12791","1":"product","2":"type-product","3":"status-publish","4":"has-post-thumbnail","6":"product_cat-restauratoriams","7":"product_cat-restauravimo-iranga","9":"first","10":"outofstock","11":"product-type-simple"},"_links":{"self":[{"href":"https:\/\/tavieta.lt\/lv\/wp-json\/wp\/v2\/product\/12791","targetHints":{"allow":["GET"]}}],"collection":[{"href":"https:\/\/tavieta.lt\/lv\/wp-json\/wp\/v2\/product"}],"about":[{"href":"https:\/\/tavieta.lt\/lv\/wp-json\/wp\/v2\/types\/product"}],"wp:featuredmedia":[{"embeddable":true,"href":"https:\/\/tavieta.lt\/lv\/wp-json\/wp\/v2\/media\/11351"}],"wp:attachment":[{"href":"https:\/\/tavieta.lt\/lv\/wp-json\/wp\/v2\/media?parent=12791"}],"wp:term":[{"taxonomy":"product_brand","embeddable":true,"href":"https:\/\/tavieta.lt\/lv\/wp-json\/wp\/v2\/product_brand?post=12791"},{"taxonomy":"product_cat","embeddable":true,"href":"https:\/\/tavieta.lt\/lv\/wp-json\/wp\/v2\/product_cat?post=12791"},{"taxonomy":"product_tag","embeddable":true,"href":"https:\/\/tavieta.lt\/lv\/wp-json\/wp\/v2\/product_tag?post=12791"}],"curies":[{"name":"wp","href":"https:\/\/api.w.org\/{rel}","templated":true}]}}