{"id":12792,"date":"2024-02-07T09:27:15","date_gmt":"2024-02-07T09:27:15","guid":{"rendered":"http:\/\/tavieta.lt\/produktas\/laura-knygu-valymo-irenginiai-2\/"},"modified":"2024-03-29T09:34:56","modified_gmt":"2024-03-29T09:34:56","slug":"laura-knygu-valymo-irenginiai-2","status":"publish","type":"product","link":"https:\/\/tavieta.lt\/lv\/products\/laura-knygu-valymo-irenginiai-2\/","title":{"rendered":"L&#039;aura gr\u0101matu t\u012br\u012bt\u0101ji"},"content":{"rendered":"<p><span style=\"color: #000000; font-size: 16px;\"> \u00a0L&#039;aura\u00ae ir pusautom\u0101tiska ier\u012bce, kas \u012bpa\u0161i izstr\u0101d\u0101ta arh\u012bvu materi\u0101lu: mapju, mapju, lielform\u0101ta gr\u0101matu t\u012br\u012b\u0161anai. Katrs vienums ir j\u0101apstr\u0101d\u0101 divas reizes, lai not\u012br\u012btu. Tas darbojas kop\u0101 ar \u0101r\u0113jo Hepa vakuumu, lai nodro\u0161in\u0101tu operatoriem dro\u0161u vidi. Ir pieejamas divas versijas: Standarta un Maxi.<\/span><\/p>\n<p><span style=\"color: #000000; font-size: 16px;\"> \u00a0  \u00a0  \u00a0  \u00a0  \u00a0  \u00a0  \u00a0  \u00a0  \u00a0  \u00a0  \u00a0  \u00a0  \u00a0  \u00a0  \u00a0  \u00a0  \u00a0  \u00a0  \u00a0  \u00a0  \u00a0  \u00a0  \u00a0  \u00a0  \u00a0  \u00a0  \u00a0  \u00a0  \u00a0  \u00a0  \u00a0 \u00a0STANDARTA MAXI<\/span><\/p>\n<p><span style=\"color: #000000; font-size: 16px;\"> \u00a0Gr\u0101matas maksim\u0101lie izm\u0113ri.        210\u00d7400 mm 210\u00d7600 mm <\/span><\/p>\n<p><span style=\"color: #000000; font-size: 16px;\"> Ier\u012bces izm\u0113ri (PxGxA) 590x770x1120 mm 590x970x1120 mm<\/span><\/p>\n<table style=\"width: 93.13744075829383%; height: 66px;\" cellspacing=\"0\" cellpadding=\"0\">\n<tbody>\n<tr>\n<td style=\"text-align: center;\" valign=\"top\">\n<p><strong><span style=\"color: #000000; font-size: 16px;\">Materi\u0101la kods<\/span><\/strong><\/p>\n<\/td>\n<td style=\"text-align: center;\" valign=\"top\">\n<p><strong><span style=\"color: #000000; font-size: 16px;\">Apraksts<\/span><\/strong><\/p>\n<\/td>\n<td style=\"text-align: center;\" valign=\"top\">\n<p><strong><span style=\"color: #000000; font-size: 16px;\">Iepakojums<\/span><\/strong><\/p>\n<\/td>\n<\/tr>\n<tr>\n<td style=\"text-align: center;\" valign=\"top\">\n<p><span style=\"color: #000000; font-size: 16px;\">OR005 <\/span><\/p>\n<p><span style=\"color: #000000; font-size: 16px;\">OR006<\/span><\/p>\n<\/td>\n<td style=\"text-align: center;\" valign=\"top\">\n<p><span style=\"color: #000000; font-size: 16px;\">Laura  \u00a0<\/span><\/p>\n<p><span style=\"color: #000000; font-size: 16px;\">\u0100r\u0113jais putek\u013cu s\u016bc\u0113js<\/span><\/p>\n<\/td>\n<td style=\"text-align: center;\" valign=\"top\">\n<p><span style=\"color: #000000; font-size: 16px;\">1 gab.<\/span><\/p>\n<p><span style=\"color: #000000; font-size: 16px;\">1 gab.<\/span><\/p>\n<\/td>\n<\/tr>\n<\/tbody>\n<\/table>\n<p>&nbsp;<\/p>\n<div id=\"gtx-trans\" style=\"position: absolute; left: 79px; top: 37px;\">\n<div class=\"gtx-trans-icon\"><\/div>\n<\/div>","protected":false},"excerpt":{"rendered":"<p>Laura gr\u0101matu t\u012br\u012bt\u0101ja<\/p>","protected":false},"featured_media":11349,"template":"","meta":[],"product_brand":[],"product_cat":[149,170],"product_tag":[],"class_list":{"0":"post-12792","1":"product","2":"type-product","3":"status-publish","4":"has-post-thumbnail","6":"product_cat-restauratoriams","7":"product_cat-restauravimo-iranga","9":"first","10":"outofstock","11":"product-type-simple"},"_links":{"self":[{"href":"https:\/\/tavieta.lt\/lv\/wp-json\/wp\/v2\/product\/12792","targetHints":{"allow":["GET"]}}],"collection":[{"href":"https:\/\/tavieta.lt\/lv\/wp-json\/wp\/v2\/product"}],"about":[{"href":"https:\/\/tavieta.lt\/lv\/wp-json\/wp\/v2\/types\/product"}],"wp:featuredmedia":[{"embeddable":true,"href":"https:\/\/tavieta.lt\/lv\/wp-json\/wp\/v2\/media\/11349"}],"wp:attachment":[{"href":"https:\/\/tavieta.lt\/lv\/wp-json\/wp\/v2\/media?parent=12792"}],"wp:term":[{"taxonomy":"product_brand","embeddable":true,"href":"https:\/\/tavieta.lt\/lv\/wp-json\/wp\/v2\/product_brand?post=12792"},{"taxonomy":"product_cat","embeddable":true,"href":"https:\/\/tavieta.lt\/lv\/wp-json\/wp\/v2\/product_cat?post=12792"},{"taxonomy":"product_tag","embeddable":true,"href":"https:\/\/tavieta.lt\/lv\/wp-json\/wp\/v2\/product_tag?post=12792"}],"curies":[{"name":"wp","href":"https:\/\/api.w.org\/{rel}","templated":true}]}}