{"id":12796,"date":"2024-02-07T09:27:15","date_gmt":"2024-02-07T09:27:15","guid":{"rendered":"http:\/\/tavieta.lt\/produktas\/rankinis-nurugstinimas-naudojant-bcp\/"},"modified":"2025-01-29T12:47:25","modified_gmt":"2025-01-29T12:47:25","slug":"rankinis-nurugstinimas-naudojant-bcp","status":"publish","type":"product","link":"https:\/\/tavieta.lt\/lv\/products\/rankinis-nurugstinimas-naudojant-bcp\/","title":{"rendered":"Manu\u0101la atsk\u0101bin\u0101\u0161ana, izmantojot BCP"},"content":{"rendered":"<p><span style=\"color: #000000; font-size: 16px;\"> \u00a0Individu\u0101la atsk\u0101bin\u0101\u0161ana<\/span><\/p>\n<p><span style=\"color: #000000; font-size: 16px;\">Materi\u0101lus, kuriem atsk\u0101bin\u0101\u0161ana nav v\u0113lama, var apstr\u0101d\u0101t un atsk\u0101bin\u0101t \u016bdens \u0161\u0137\u012bdum\u0101 individu\u0101li. Ja lapas ir stipri boj\u0101tas, lielizm\u0113ra un aizz\u012bmogoti dokumenti. Materi\u0101lus, kas nav piem\u0113roti \u016bdens procesam, var apstr\u0101d\u0101t ar\u012b ar cit\u0101m metod\u0113m un l\u012bdzek\u013ciem bez \u016bdens.<\/span><\/p>\n<p><span style=\"color: #000000; font-size: 16px;\"> \u00a0  \u00a0  \u00a0  \u00a0  \u00a0  \u00a0  \u00a0  \u00a0 \u00a0\u2013 Divpak\u0101pju apstr\u0101de Pirmk\u0101rt, kr\u0101sas un tinte tiek fiks\u0113ta divkomponentu suspensij\u0101, lai p\u0113c iegremd\u0113\u0161anas \u016bdens \u0161\u0137\u012bdum\u0101 t\u0101s neiz\u0161\u0137\u012bst. T\u0101d\u0101 veid\u0101 dokumenti tiek ievietoti fiks\u0101cijas \u0161\u0137\u012bduma vann\u0101 un tie saudz\u012bgi p\u0101rvietojas vann\u0101. Dokuments paliek \u0161\u0137\u012bdum\u0101 apm\u0113ram 2 min\u016btes.  Uzman\u012bgi no\u0146emiet dokumentus no \u0161\u0137\u012bduma horizont\u0101l\u0101 st\u0101vokl\u012b un noteciniet lieko \u0161\u0137idrumu. Uzman\u012bbu - sarkanie to\u0146i var nedaudz izbal\u0113t. P\u0113c tam iem\u0113rciet atsk\u0101bin\u0101\u0161anas \u0161\u0137idrum\u0101. Mg (HCO3) 2 \u0161eit tiek izmantots, lai neitraliz\u0113tu sk\u0101bos produktus un izveidotu s\u0101rmu rezervi. Izmanto 0,2 M \u0161\u0137\u012bdumu, ko t\u0101l\u0101k sajauc ar \u0161\u0137\u012bdumu uz celulozes \u0113teru b\u0101zes. P\u0101r\u0113jo \u0161\u012b \u0161\u0137\u012bduma da\u013cu var izmantot atk\u0101rtoti, ja to ievada CO2 \u0161\u0137\u012bdum\u0101. Apstr\u0101des proced\u016bra \u0161aj\u0101 vann\u0101 ir \u0161\u0101da: dokumentus ievieto vann\u0101 un atkal uzman\u012bgi p\u0101rvieto vann\u0101. Ja dokumenti p\u0113c nostiprin\u0101\u0161anas nav iz\u017euvu\u0161i, tiem j\u0101paliek \u0161aj\u0101 \u0161\u0137\u012bdum\u0101 apm\u0113ram 10 min\u016btes, lai sasniegtu v\u0113lamo efektu. Dokumenti ar\u012b j\u0101iz\u0146em no vannas horizont\u0101l\u0101 st\u0101vokl\u012b. Visbeidzot, dokumenti, kas saspiesti starp diviem polipropil\u0113na pl\u0113ves sl\u0101\u0146iem, tiek izstiepti uz sakars\u0113tiem cilindriem un \u017e\u0101v\u0113ti.<\/span><\/p>\n<p><span style=\"color: #000000; font-size: 16px;\"> \u00a0  \u00a0  \u00a0  \u00a0  \u00a0  \u00a0  \u00a0\u2013 \u0161aj\u0101 gad\u012bjum\u0101 tiek izmantota vienpak\u0101pes apstr\u0101de. Tas ir \u0161\u0137idrums, ko izmanto masveida atsk\u0101bin\u0101\u0161anai BCP metod\u0113. Dokumentu ievieto \u0161\u012b \u0161\u0137\u012bduma vann\u0101 un atst\u0101j apm\u0113ram 10 min\u016btes. P\u0113c dokumenta iz\u0146em\u0161anas atliku\u0161ais \u0161\u0137idrums tiek nospiests un v\u0113lreiz \u017e\u0101v\u0113ts<\/span><\/p>\n<div id=\"gtx-trans\" style=\"position: absolute; left: 79px; top: 37px;\">\n<div class=\"gtx-trans-icon\"><\/div>\n<\/div>","protected":false},"excerpt":{"rendered":"<p>Manu\u0101la atsk\u0101bin\u0101\u0161ana, izmantojot BCP<\/p>","protected":false},"featured_media":12385,"template":"","meta":[],"product_brand":[],"product_cat":[149,227],"product_tag":[],"class_list":{"0":"post-12796","1":"product","2":"type-product","3":"status-publish","4":"has-post-thumbnail","6":"product_cat-restauratoriams","7":"product_cat-restauravimo-priemones","9":"first","10":"outofstock","11":"product-type-simple"},"_links":{"self":[{"href":"https:\/\/tavieta.lt\/lv\/wp-json\/wp\/v2\/product\/12796","targetHints":{"allow":["GET"]}}],"collection":[{"href":"https:\/\/tavieta.lt\/lv\/wp-json\/wp\/v2\/product"}],"about":[{"href":"https:\/\/tavieta.lt\/lv\/wp-json\/wp\/v2\/types\/product"}],"wp:featuredmedia":[{"embeddable":true,"href":"https:\/\/tavieta.lt\/lv\/wp-json\/wp\/v2\/media\/12385"}],"wp:attachment":[{"href":"https:\/\/tavieta.lt\/lv\/wp-json\/wp\/v2\/media?parent=12796"}],"wp:term":[{"taxonomy":"product_brand","embeddable":true,"href":"https:\/\/tavieta.lt\/lv\/wp-json\/wp\/v2\/product_brand?post=12796"},{"taxonomy":"product_cat","embeddable":true,"href":"https:\/\/tavieta.lt\/lv\/wp-json\/wp\/v2\/product_cat?post=12796"},{"taxonomy":"product_tag","embeddable":true,"href":"https:\/\/tavieta.lt\/lv\/wp-json\/wp\/v2\/product_tag?post=12796"}],"curies":[{"name":"wp","href":"https:\/\/api.w.org\/{rel}","templated":true}]}}