{"id":12797,"date":"2024-02-07T09:31:30","date_gmt":"2024-02-07T09:31:30","guid":{"rendered":"http:\/\/tavieta.lt\/produktas\/audio-kreslas-luna-bluetooth-2\/"},"modified":"2024-02-07T09:31:31","modified_gmt":"2024-02-07T09:31:31","slug":"audio-kreslas-luna-bluetooth-2","status":"publish","type":"product","link":"https:\/\/tavieta.lt\/lv\/products\/audio-kreslas-luna-bluetooth-2\/","title":{"rendered":"Audio kr\u0113sls Luna - Bluetooth"},"content":{"rendered":"<p><span style=\"color: #000000;\">Audio kr\u0113sls ar ska\u013cru\u0146iem un Bluetooth savienojumu. Da\u013ca savienojuma ar mobilo audio avotu ir bezvadu, piem\u0113ram, viedt\u0101lrunis, kl\u0113pjdators, plan\u0161etdators utt. Bluetooth ier\u012bce ir j\u0101pievieno elektr\u012bbas kontaktligzdai (220 V).<\/span><\/p>\n<table style=\"width: 47.054597701149426%; height: 102px;\" cellspacing=\"0\" cellpadding=\"0\">\n<tbody>\n<tr>\n<td style=\"text-align: center;\" valign=\"top\">\n<p><strong><span style=\"color: #000000;\">Kods<\/span><\/strong><\/p>\n<\/td>\n<td style=\"text-align: center;\" valign=\"top\">\n<p><strong><span style=\"color: #000000;\">Apraksts<\/span><\/strong><\/p>\n<\/td>\n<td style=\"text-align: center;\" valign=\"top\">\n<p><strong><span style=\"color: #000000;\">Daudzums<\/span><\/strong><\/p>\n<\/td>\n<\/tr>\n<tr>\n<td style=\"text-align: center;\" valign=\"top\">\n<p><span style=\"color: #000000;\">EB37094<\/span><\/p>\n<\/td>\n<td style=\"text-align: center;\" valign=\"top\">\n<p><span style=\"color: #000000;\">Audio kr\u0113sls Luna - Bluetooth<\/span><\/p>\n<\/td>\n<td style=\"text-align: center;\" valign=\"top\">\n<p><span style=\"color: #000000;\">1 gab.<\/span><\/p>\n<\/td>\n<\/tr>\n<\/tbody>\n<\/table>\n<p>800 x 850 x 1475 mm<\/p>\n<p>&nbsp;<\/p>\n<p>RMS\/maks.: 40\/80W.; 4 omi 45-23,00 Hz.;<\/p>\n<p>89 dB<\/p>\n<div id=\"gtx-trans\" style=\"position: absolute; left: 79px; top: 37px;\">\n<div class=\"gtx-trans-icon\"><\/div>\n<\/div>","protected":false},"excerpt":{"rendered":"<p>Audio kr\u0113sls Luna - Bluetooth<\/p>","protected":false},"featured_media":12387,"template":"","meta":[],"product_brand":[],"product_cat":[107],"product_tag":[],"class_list":{"0":"post-12797","1":"product","2":"type-product","3":"status-publish","4":"has-post-thumbnail","6":"product_cat-baldai","8":"first","9":"outofstock","10":"product-type-simple"},"_links":{"self":[{"href":"https:\/\/tavieta.lt\/lv\/wp-json\/wp\/v2\/product\/12797","targetHints":{"allow":["GET"]}}],"collection":[{"href":"https:\/\/tavieta.lt\/lv\/wp-json\/wp\/v2\/product"}],"about":[{"href":"https:\/\/tavieta.lt\/lv\/wp-json\/wp\/v2\/types\/product"}],"wp:featuredmedia":[{"embeddable":true,"href":"https:\/\/tavieta.lt\/lv\/wp-json\/wp\/v2\/media\/12387"}],"wp:attachment":[{"href":"https:\/\/tavieta.lt\/lv\/wp-json\/wp\/v2\/media?parent=12797"}],"wp:term":[{"taxonomy":"product_brand","embeddable":true,"href":"https:\/\/tavieta.lt\/lv\/wp-json\/wp\/v2\/product_brand?post=12797"},{"taxonomy":"product_cat","embeddable":true,"href":"https:\/\/tavieta.lt\/lv\/wp-json\/wp\/v2\/product_cat?post=12797"},{"taxonomy":"product_tag","embeddable":true,"href":"https:\/\/tavieta.lt\/lv\/wp-json\/wp\/v2\/product_tag?post=12797"}],"curies":[{"name":"wp","href":"https:\/\/api.w.org\/{rel}","templated":true}]}}