{"id":12805,"date":"2024-02-07T09:34:10","date_gmt":"2024-02-07T09:34:10","guid":{"rendered":"http:\/\/tavieta.lt\/produktas\/knygu-restauravimo-staliukas\/"},"modified":"2025-01-28T12:54:27","modified_gmt":"2025-01-28T12:54:27","slug":"knygu-restauravimo-staliukas","status":"publish","type":"product","link":"https:\/\/tavieta.lt\/lv\/products\/knygu-restauravimo-staliukas\/","title":{"rendered":"Gr\u0101matu restaur\u0101cijas galds"},"content":{"rendered":"<p>Gr\u0101matu restaur\u0101cijas galds KRM ir izgatavots no ner\u016bs\u0113jo\u0161\u0101 t\u0113rauda, kas savienots ar augstas veiktsp\u0113jas putek\u013cu s\u016bc\u0113ju (pieg\u0101d\u0101ts atsevi\u0161\u0137i) mazu pap\u012bra lok\u0161\u0146u t\u012br\u012b\u0161anai un atjauno\u0161anai. Galda darba virsma ir 300 x 380 mm ar 2 mm perfor\u0101cij\u0101m, att\u0101lums starp perfor\u0101cijas urbumu centriem ir 3 mm. Stat\u012bva konstrukcija \u013cauj taj\u0101 dro\u0161i noenkurot da\u017e\u0101da biezuma un izm\u0113ra gr\u0101matas. Gr\u0101matas tiek atjaunotas, t\u0101s neatsaistot. Ja nepiecie\u0161ama smalk\u0101ka perfor\u0101cija, uz darba virsmas var uzlikt plastmasas t\u012bklu.<\/p>\n<p>&nbsp;<\/p>\n<div id=\"gtx-trans\" style=\"position: absolute; left: 79px; top: 37px;\">\n<div class=\"gtx-trans-icon\"><\/div>\n<\/div>","protected":false},"excerpt":{"rendered":"<p>Gr\u0101matu restaur\u0101cijas galds<\/p>","protected":false},"featured_media":12397,"template":"","meta":[],"product_brand":[219],"product_cat":[149,170],"product_tag":[],"class_list":{"0":"post-12805","1":"product","2":"type-product","3":"status-publish","4":"has-post-thumbnail","6":"product_brand-labostera","7":"product_cat-restauratoriams","8":"product_cat-restauravimo-iranga","10":"first","11":"outofstock","12":"product-type-simple"},"_links":{"self":[{"href":"https:\/\/tavieta.lt\/lv\/wp-json\/wp\/v2\/product\/12805","targetHints":{"allow":["GET"]}}],"collection":[{"href":"https:\/\/tavieta.lt\/lv\/wp-json\/wp\/v2\/product"}],"about":[{"href":"https:\/\/tavieta.lt\/lv\/wp-json\/wp\/v2\/types\/product"}],"wp:featuredmedia":[{"embeddable":true,"href":"https:\/\/tavieta.lt\/lv\/wp-json\/wp\/v2\/media\/12397"}],"wp:attachment":[{"href":"https:\/\/tavieta.lt\/lv\/wp-json\/wp\/v2\/media?parent=12805"}],"wp:term":[{"taxonomy":"product_brand","embeddable":true,"href":"https:\/\/tavieta.lt\/lv\/wp-json\/wp\/v2\/product_brand?post=12805"},{"taxonomy":"product_cat","embeddable":true,"href":"https:\/\/tavieta.lt\/lv\/wp-json\/wp\/v2\/product_cat?post=12805"},{"taxonomy":"product_tag","embeddable":true,"href":"https:\/\/tavieta.lt\/lv\/wp-json\/wp\/v2\/product_tag?post=12805"}],"curies":[{"name":"wp","href":"https:\/\/api.w.org\/{rel}","templated":true}]}}