{"id":12806,"date":"2024-02-07T09:34:10","date_gmt":"2024-02-07T09:34:10","guid":{"rendered":"http:\/\/tavieta.lt\/produktas\/vakuuminis-stalas\/"},"modified":"2024-03-29T09:34:51","modified_gmt":"2024-03-29T09:34:51","slug":"vakuuminis-stalas","status":"publish","type":"product","link":"https:\/\/tavieta.lt\/lv\/products\/vakuuminis-stalas\/","title":{"rendered":"Vakuuma galds"},"content":{"rendered":"<p>Vakuuma galds VS ir moderna pap\u012bra restauratora iek\u0101rta, ko var izmantot da\u017e\u0101dos restaur\u0101cijas posmos.<\/p>\n<p>VS vakuuma galds sast\u0101v no:<\/p>\n<ul>\n<li>Elektriski regul\u0113jama augstuma r\u0101mis;<\/li>\n<li>Galda virsma ar regul\u0113jamas intensit\u0101tes apgaismojuma sist\u0113mu;<\/li>\n<li>Putek\u013cu s\u016bc\u0113js<\/li>\n<\/ul>\n<p>TEHNISKAIS RAKSTUROJUMS<\/p>\n<ul>\n<li>Izm\u0113ri, mm: 665 x 1340 x (min. 890\u20131200)<\/li>\n<li>Baro\u0161ana: 230 V, 50 Hz<\/li>\n<li>S\u016bk\u0146a jauda: 1000 W<\/li>\n<\/ul>\n<div id=\"gtx-trans\" style=\"position: absolute; left: 79px; top: 37px;\">\n<div class=\"gtx-trans-icon\"><\/div>\n<\/div>","protected":false},"excerpt":{"rendered":"<p>Vakuuma galds<\/p>","protected":false},"featured_media":12399,"template":"","meta":[],"product_brand":[],"product_cat":[149,170],"product_tag":[],"class_list":{"0":"post-12806","1":"product","2":"type-product","3":"status-publish","4":"has-post-thumbnail","6":"product_cat-restauratoriams","7":"product_cat-restauravimo-iranga","9":"first","10":"outofstock","11":"product-type-simple"},"_links":{"self":[{"href":"https:\/\/tavieta.lt\/lv\/wp-json\/wp\/v2\/product\/12806","targetHints":{"allow":["GET"]}}],"collection":[{"href":"https:\/\/tavieta.lt\/lv\/wp-json\/wp\/v2\/product"}],"about":[{"href":"https:\/\/tavieta.lt\/lv\/wp-json\/wp\/v2\/types\/product"}],"wp:featuredmedia":[{"embeddable":true,"href":"https:\/\/tavieta.lt\/lv\/wp-json\/wp\/v2\/media\/12399"}],"wp:attachment":[{"href":"https:\/\/tavieta.lt\/lv\/wp-json\/wp\/v2\/media?parent=12806"}],"wp:term":[{"taxonomy":"product_brand","embeddable":true,"href":"https:\/\/tavieta.lt\/lv\/wp-json\/wp\/v2\/product_brand?post=12806"},{"taxonomy":"product_cat","embeddable":true,"href":"https:\/\/tavieta.lt\/lv\/wp-json\/wp\/v2\/product_cat?post=12806"},{"taxonomy":"product_tag","embeddable":true,"href":"https:\/\/tavieta.lt\/lv\/wp-json\/wp\/v2\/product_tag?post=12806"}],"curies":[{"name":"wp","href":"https:\/\/api.w.org\/{rel}","templated":true}]}}