{"id":12997,"date":"2024-10-31T08:22:11","date_gmt":"2024-10-31T08:22:11","guid":{"rendered":"http:\/\/tavieta.lt\/?post_type=product&#038;p=12997"},"modified":"2025-01-27T12:11:35","modified_gmt":"2025-01-27T12:11:35","slug":"vakuumine-prisotinimo-sistema-vps-labostera","status":"publish","type":"product","link":"https:\/\/tavieta.lt\/lv\/products\/vakuumine-prisotinimo-sistema-vps-labostera\/","title":{"rendered":"Vakuuma pies\u0101tin\u0101juma sist\u0113ma VPS Labostera"},"content":{"rendered":"<p>Vakuuma pies\u0101tin\u0101juma sist\u0113ma VPS, ra\u017eo Labostera UAB.<\/p>\n<p>Strauji att\u012bstoties tehnolo\u0123ij\u0101m, vakuumu arvien vair\u0101k izmanto arheolo\u0123isko atradumu restaur\u0101cijas jom\u0101. Izmantojot vakuumsist\u0113mas, iesp\u0113jams b\u016btiski uzlabot arheolo\u0123isko atradumu konserv\u0101cijas kvalit\u0101ti, atvieglot restauratoru darbu. Pies\u0101tinot (vai konsolid\u0113jot) virsmas ar konsolid\u0113jo\u0161iem \u0161\u0137\u012bdumiem vakuuma vid\u0113, tiek nodro\u0161in\u0101ta to \u0161\u0137\u012bdumu iek\u013c\u016b\u0161ana arheolo\u0123isko atradumu zon\u0101s, kuras nav sasniedzamas ar ot\u0101m. Vakuuma izmanto\u0161anu arheolo\u0123isko atradumu pies\u0101tin\u0101\u0161anai ar konservat\u012bviem \u0161\u0137\u012bdumiem, atradumu \u017e\u0101v\u0113\u0161anu p\u0113c mazg\u0101\u0161anas vai sasald\u0113\u0161anas var attiecin\u0101t uz atradumiem, kas izgatavoti no t\u0101diem materi\u0101liem k\u0101 dzelzs, var\u0161, koks, keramika, stikls, \u0101da, dzintars.<br \/>\n<strong><br \/>\nVPS tehniskie dati<\/strong><\/p>\n<table>\n<thead>\n<tr>\n<th>Parametrs<\/th>\n<th>m\u0113rvien\u012bbas<\/th>\n<th>specifik\u0101cija<\/th>\n<\/tr>\n<\/thead>\n<tbody>\n<tr>\n<td>Vakuuma kameras tilpums<\/td>\n<td>L<\/td>\n<td>8<\/td>\n<\/tr>\n<tr>\n<td>Maksim\u0101lais vakuuma l\u012bmenis<\/td>\n<td>mbar<\/td>\n<td>10\u207b\u00b2<\/td>\n<\/tr>\n<tr>\n<td>Borsilik\u0101ts, ar liesmu pul\u0113ts un piln\u012bb\u0101 atlaidin\u0101ts, dzidrs, zvanveida stikla p\u0101rsegs, kas \u012bpa\u0161i izstr\u0101d\u0101ts vakuumier\u012bc\u0113m<\/td>\n<td>\u00d8 mm<\/td>\n<td>301\u00a0x\u00a0360<\/td>\n<\/tr>\n<tr>\n<td>Iek\u0161\u0113j\u0101s vakuuma kameras konteinera izm\u0113ri<\/td>\n<td>\u00d8 mm<\/td>\n<td>180\u00a0x\u00a0180<\/td>\n<\/tr>\n<tr>\n<td>Galda izm\u0113ri (garums x platums x augstums)<\/td>\n<td>mm<\/td>\n<td>1200\u00a0x\u00a0600\u00a0x\u00a0790<\/td>\n<\/tr>\n<tr>\n<td>Ier\u012bces izm\u0113ri (garums x platums x augstums ar stikla p\u0101rsegu uz leju)<\/td>\n<td>mm<\/td>\n<td>1200\u00a0x\u00a0600\u00a0x\u00a01475<\/td>\n<\/tr>\n<tr>\n<td>Ier\u012bces augstums ar maksim\u0101li paceltu stikla p\u0101rsegu<\/td>\n<td>mm<\/td>\n<td>1925<\/td>\n<\/tr>\n<tr>\n<td>Galda rite\u0146u diametrs (divi no tiem ar bremz\u0113m).<\/td>\n<td>mm<\/td>\n<td>120<\/td>\n<\/tr>\n<tr>\n<td>Baro\u0161anas avots<\/td>\n<td>V, Hz<\/td>\n<td>230 V, 50 Hz<\/td>\n<\/tr>\n<\/tbody>\n<\/table>\n<p><strong>VPS priek\u0161roc\u012bbas:<\/strong><\/p>\n<ul>\n<li>Liels (\u00d8301mm x 360mm), caursp\u012bd\u012bga stikla vakuuma kameras p\u0101rsegs. Ir \u0113rti uzraudz\u012bt kamer\u0101 notieko\u0161os procesus.<\/li>\n<li>Visu procesu ietekm\u0113jo\u0161o parametru kontrole un regul\u0113\u0161ana (vakuuma dzi\u013cums, vakuuma dzi\u013cuma mai\u0146as \u0101trums, spiediena izl\u012bdzin\u0101\u0161anas \u0101trums kamer\u0101, impregn\u0113\u0161anas \u0161\u0137\u012bduma iepl\u016bdes\/izpl\u016bdes \u0101trums). Operators kontrol\u0113 un br\u012bvi regul\u0113 \u0161os parametrus.<\/li>\n<li>Kompresors gaisa padevei kamer\u0101, lai p\u0113c darba pabeig\u0161anas vakuuma vid\u0113 stikla p\u0101rsegs tiktu atbr\u012bvots no pamatnes. Tas pasarg\u0101 kameras bl\u012bvi no meh\u0101niskiem boj\u0101jumiem un atvieglo operatora darbu.<\/li>\n<li>Plaukts konteineriem ar \u0161\u0137\u012bdumiem. Konteineri ir \u0113rti novietoti zem galda virsmas, operatoram tie nav j\u0101nes, tos var transport\u0113t kop\u0101 ar galdu.<\/li>\n<li>Stikla p\u0101rsega elektromeh\u0101nisk\u0101 pacel\u0161ana un nolai\u0161ana. Operatoram nav j\u0101ce\u013c smagais p\u0101rsegs, tiek samazin\u0101ta iesp\u0113ja sapl\u012bst stikla p\u0101rsegu.<\/li>\n<li>Vienk\u0101r\u0161a un \u0113rta p\u0101rvald\u012bba. Visas vad\u012bbas un vad\u012bbas ier\u012bces atrodas vien\u0101 galda pus\u0113. Operators var str\u0101d\u0101t gan st\u0101vus, gan s\u0113dus.<\/li>\n<li>\u013boti vienk\u0101r\u0161a sagatavo\u0161ana darbam: p\u0113c ier\u012bces novieto\u0161anas pareizaj\u0101 viet\u0101 pietiek ievietot kontaktdak\u0161u 230 V 50 Hz t\u012bkla kontaktligzd\u0101.<\/li>\n<li>Sist\u0113ma ir uzst\u0101d\u012bta uz mobil\u0101 galda. Galda ritenti\u0146i ar bremz\u0113m, t\u0101p\u0113c ier\u012bci ir viegli novietot un nofiks\u0113t darbam \u0113rt\u0101 viet\u0101.<\/li>\n<li>P\u0113c pas\u016bt\u012bt\u0101ja piepras\u012bjuma tiek nodro\u0161in\u0101ti vair\u0101ki cauru\u013cvadu komplekti, pa kuriem vakuuma kamer\u0101 tiek ievad\u012bti\/izvad\u012bti konserv\u0113jo\u0161ie sve\u0137i (\u0161\u0137\u012bdums). Tas \u013cauj izvair\u012bties no ilgas mazg\u0101\u0161anas proced\u016bras. Komplektu skaits - p\u0113c vajadz\u012bbas.<\/li>\n<li>P\u0113c klienta piepras\u012bjuma sist\u0113mu var apr\u012bkot ar 0,5 m augstu stikla p\u0101rsegu, kas \u013cautu apstr\u0101d\u0101t liel\u0101kus atradumus.<\/li>\n<li>P\u0113c klienta v\u0113l\u0113\u0161an\u0101s, optimiz\u0113jot vakuuma kameras tilpuma izmanto\u0161anu, varam izv\u0113l\u0113ties kameras iek\u0161\u0113jo konteineru vai da\u017e\u0101du izm\u0113ru konteineru komplektu.<\/li>\n<\/ul>","protected":false},"excerpt":{"rendered":"<p>VPS vakuuma pies\u0101tin\u0101juma sist\u0113ma ir lielisks instruments konserv\u0113\u0161anas kvalit\u0101tes un darba efektivit\u0101tes paaugstin\u0101\u0161anai. Izmanto arheolo\u0123isko atradumu pies\u0101tin\u0101\u0161anai ar konserv\u0113jo\u0161iem \u0161\u0137\u012bdumiem, atradumu \u017e\u0101v\u0113\u0161anai p\u0113c mazg\u0101\u0161anas vai sasald\u0113\u0161anas, var uzkl\u0101t uz atradumiem, kas izgatavoti no t\u0101diem materi\u0101liem k\u0101 dzelzs, var\u0161, koks, keramika, stikls, \u0101da, dzintars.<\/p>","protected":false},"featured_media":13023,"template":"","meta":[],"product_brand":[219],"product_cat":[149,170],"product_tag":[],"class_list":{"0":"post-12997","1":"product","2":"type-product","3":"status-publish","4":"has-post-thumbnail","6":"product_brand-labostera","7":"product_cat-restauratoriams","8":"product_cat-restauravimo-iranga","10":"first","11":"instock","12":"shipping-taxable","13":"product-type-simple"},"_links":{"self":[{"href":"https:\/\/tavieta.lt\/lv\/wp-json\/wp\/v2\/product\/12997","targetHints":{"allow":["GET"]}}],"collection":[{"href":"https:\/\/tavieta.lt\/lv\/wp-json\/wp\/v2\/product"}],"about":[{"href":"https:\/\/tavieta.lt\/lv\/wp-json\/wp\/v2\/types\/product"}],"wp:featuredmedia":[{"embeddable":true,"href":"https:\/\/tavieta.lt\/lv\/wp-json\/wp\/v2\/media\/13023"}],"wp:attachment":[{"href":"https:\/\/tavieta.lt\/lv\/wp-json\/wp\/v2\/media?parent=12997"}],"wp:term":[{"taxonomy":"product_brand","embeddable":true,"href":"https:\/\/tavieta.lt\/lv\/wp-json\/wp\/v2\/product_brand?post=12997"},{"taxonomy":"product_cat","embeddable":true,"href":"https:\/\/tavieta.lt\/lv\/wp-json\/wp\/v2\/product_cat?post=12997"},{"taxonomy":"product_tag","embeddable":true,"href":"https:\/\/tavieta.lt\/lv\/wp-json\/wp\/v2\/product_tag?post=12997"}],"curies":[{"name":"wp","href":"https:\/\/api.w.org\/{rel}","templated":true}]}}