{"id":13007,"date":"2024-10-31T08:22:59","date_gmt":"2024-10-31T08:22:59","guid":{"rendered":"http:\/\/tavieta.lt\/?post_type=product&#038;p=13007"},"modified":"2025-01-27T12:11:35","modified_gmt":"2025-01-27T12:11:35","slug":"popieriaus-liejimo-masina-plm-labostera","status":"publish","type":"product","link":"https:\/\/tavieta.lt\/lv\/products\/popieriaus-liejimo-masina-plm-labostera\/","title":{"rendered":"Pap\u012bra form\u0113\u0161anas iek\u0101rta PLM Labostera"},"content":{"rendered":"<p>Pap\u012bra lie\u0161anas iek\u0101rta PLM, ko ra\u017eo UAB &quot;Labostera&quot; - paredz\u0113ta druk\u0101tu dokumentu, gr\u0101matu, av\u012b\u017eu, m\u0101kslas darbu restaur\u0101cijai un konserv\u0113\u0161anai uz pap\u012bra.<\/p>\n<p><strong>Tehnisk\u0101s specifik\u0101cijas:<\/strong><\/p>\n<table>\n<thead>\n<tr>\n<th>ELEKTROAPG\u0100DE<\/th>\n<th>230 V, 50 Hz<\/th>\n<\/tr>\n<\/thead>\n<tbody>\n<tr>\n<td>SAVIENOJUMI<\/td>\n<td>Dren\u0101\u017ea: 50 mm<br \/>\n\u016adens padeve: \u00bd\u201d<br \/>\nSaspiests gaiss: 6 bar<\/td>\n<\/tr>\n<tr>\n<td><\/td>\n<td>Darba virsma, mm: 500 x 1100<\/td>\n<\/tr>\n<tr>\n<td>IZM\u0112RI<\/td>\n<td>Form\u0113\u0161anas ma\u0161\u012bna, mm: 940 x 1560 x 810<\/td>\n<\/tr>\n<tr>\n<td><\/td>\n<td>Atsevi\u0161\u0137i ieb\u016bv\u0113ta \u016bdens tvertne, mm: 620 x 850 x 650<\/td>\n<\/tr>\n<\/tbody>\n<\/table>\n<p><strong>Funkcijas:<\/strong><\/p>\n<ul>\n<li>\u016adensiztur\u012bgas virsmas, kur\u0101m nav nepiecie\u0161ama \u012bpa\u0161a apkope; not\u012bra ar ziep\u0113m un \u016bdeni.<\/li>\n<li>Konstrukcij\u0101 ietilpst plastmasas trauks uz alum\u012bnija r\u0101mja, plastmasas t\u012bkls lie\u0161anai, PE pl\u0113ve lie\u0161anas laukuma samazin\u0101\u0161anai un plastmasas grils ar rokturi.<\/li>\n<li>Papildus komplekt\u0101cija: cauru\u013cvads, atsevi\u0161\u0137i izb\u016bv\u0113ta plastmasas \u016bdens tvertne, na\u017ea tipa v\u0101rsts ar pneimatisko piedzi\u0146u, PLC un vad\u012bbas panelis.<\/li>\n<li>Gaisa kompresors tiek pas\u016bt\u012bts atsevi\u0161\u0137i.<\/li>\n<\/ul>","protected":false},"excerpt":{"rendered":"<p>PLM pap\u012bra form\u0113\u0161anas iek\u0101rta ir paredz\u0113ta druk\u0101tu dokumentu, gr\u0101matu, av\u012b\u017eu un m\u0101kslas darbu atjauno\u0161anai un saglab\u0101\u0161anai uz pap\u012bra. \u0160is apr\u012bkojums \u013cauj efekt\u012bvi atjaunot un aizsarg\u0101t pap\u012bra artefaktus, nodro\u0161inot restaur\u0101cijas procesu kvalit\u0101ti un uzticam\u012bbu.<\/p>","protected":false},"featured_media":13025,"template":"","meta":[],"product_brand":[219],"product_cat":[102,149,170],"product_tag":[],"class_list":{"0":"post-13007","1":"product","2":"type-product","3":"status-publish","4":"has-post-thumbnail","6":"product_brand-labostera","7":"product_cat-knygu-taisymas-ir-prieziura","8":"product_cat-restauratoriams","9":"product_cat-restauravimo-iranga","11":"first","12":"instock","13":"shipping-taxable","14":"product-type-simple"},"_links":{"self":[{"href":"https:\/\/tavieta.lt\/lv\/wp-json\/wp\/v2\/product\/13007","targetHints":{"allow":["GET"]}}],"collection":[{"href":"https:\/\/tavieta.lt\/lv\/wp-json\/wp\/v2\/product"}],"about":[{"href":"https:\/\/tavieta.lt\/lv\/wp-json\/wp\/v2\/types\/product"}],"wp:featuredmedia":[{"embeddable":true,"href":"https:\/\/tavieta.lt\/lv\/wp-json\/wp\/v2\/media\/13025"}],"wp:attachment":[{"href":"https:\/\/tavieta.lt\/lv\/wp-json\/wp\/v2\/media?parent=13007"}],"wp:term":[{"taxonomy":"product_brand","embeddable":true,"href":"https:\/\/tavieta.lt\/lv\/wp-json\/wp\/v2\/product_brand?post=13007"},{"taxonomy":"product_cat","embeddable":true,"href":"https:\/\/tavieta.lt\/lv\/wp-json\/wp\/v2\/product_cat?post=13007"},{"taxonomy":"product_tag","embeddable":true,"href":"https:\/\/tavieta.lt\/lv\/wp-json\/wp\/v2\/product_tag?post=13007"}],"curies":[{"name":"wp","href":"https:\/\/api.w.org\/{rel}","templated":true}]}}