{"id":13008,"date":"2024-10-31T08:23:03","date_gmt":"2024-10-31T08:23:03","guid":{"rendered":"http:\/\/tavieta.lt\/?post_type=product&#038;p=13008"},"modified":"2025-01-31T14:03:31","modified_gmt":"2025-01-31T14:03:31","slug":"vakuuminis-stalas-vs-labostera","status":"publish","type":"product","link":"https:\/\/tavieta.lt\/lv\/products\/vakuuminis-stalas-vs-labostera\/","title":{"rendered":"Vakuuma galds VS Labostera"},"content":{"rendered":"<p>Vakuuma galds VS, ra\u017eot\u0101js Labostera UAB.<\/p>\n<table>\n<thead>\n<tr>\n<th>TEHNISKAIS RAKSTUROJUMS<\/th>\n<th><\/th>\n<\/tr>\n<\/thead>\n<tbody>\n<tr>\n<td>Izm\u0113ri, mm<\/td>\n<td>665\u00a0x\u00a01340\u00a0x (min. 890\u20131200)<\/td>\n<\/tr>\n<tr>\n<td>Baro\u0161anas avots<\/td>\n<td>230 V, 50 Hz<\/td>\n<\/tr>\n<tr>\n<td>S\u016bk\u0146a jauda<\/td>\n<td>1000\u00a0W<\/td>\n<\/tr>\n<\/tbody>\n<\/table>\n<p>Vakuuma galds VS ir moderna ier\u012bce pap\u012bra restauratoriem, piem\u0113rota lieto\u0161anai da\u017e\u0101dos restaur\u0101cijas posmos. \u0160\u012b tabula sniedz iesp\u0113ju efekt\u012bvi vad\u012bt restaur\u0101cijas procesu, nodro\u0161inot darba precizit\u0101ti un kvalit\u0101ti.<\/p>\n<p><strong>Galven\u0101s iez\u012bmes:<\/strong><\/p>\n<ul>\n<li>Elektriski regul\u0113jamais augstuma r\u0101mis \u013cauj piel\u0101got darba vietu individu\u0101l\u0101m vajadz\u012bb\u0101m.<\/li>\n<li>Galda virsma ar regul\u0113jamu apgaismojumu, nodro\u0161inot optim\u0101lus apgaismojuma apst\u0101k\u013cus.<\/li>\n<li>Vakuuma s\u016bknis efekt\u012bvai putek\u013cu no\u0146em\u0161anai nodro\u0161ina t\u012br\u012bbu un dro\u0161\u012bbu darba laik\u0101.<\/li>\n<\/ul>\n<p>\u0160\u012b iek\u0101rta ir ra\u017eota Lietuv\u0101, UAB Labostera, lai nodro\u0161in\u0101tu kvalit\u0101ti un iztur\u012bbu.<\/p>","protected":false},"excerpt":{"rendered":"<p>Vakuuma galds VS ir moderna ier\u012bce pap\u012bra restauratoriem, piem\u0113rota lieto\u0161anai da\u017e\u0101dos restaur\u0101cijas posmos. \u0160\u012b tabula sniedz iesp\u0113ju efekt\u012bvi vad\u012bt restaur\u0101cijas procesu, nodro\u0161inot darba precizit\u0101ti un kvalit\u0101ti.<\/p>","protected":false},"featured_media":13024,"template":"","meta":[],"product_brand":[219],"product_cat":[149],"product_tag":[],"class_list":{"0":"post-13008","1":"product","2":"type-product","3":"status-publish","4":"has-post-thumbnail","6":"product_brand-labostera","7":"product_cat-restauratoriams","9":"first","10":"instock","11":"shipping-taxable","12":"product-type-simple"},"_links":{"self":[{"href":"https:\/\/tavieta.lt\/lv\/wp-json\/wp\/v2\/product\/13008","targetHints":{"allow":["GET"]}}],"collection":[{"href":"https:\/\/tavieta.lt\/lv\/wp-json\/wp\/v2\/product"}],"about":[{"href":"https:\/\/tavieta.lt\/lv\/wp-json\/wp\/v2\/types\/product"}],"wp:featuredmedia":[{"embeddable":true,"href":"https:\/\/tavieta.lt\/lv\/wp-json\/wp\/v2\/media\/13024"}],"wp:attachment":[{"href":"https:\/\/tavieta.lt\/lv\/wp-json\/wp\/v2\/media?parent=13008"}],"wp:term":[{"taxonomy":"product_brand","embeddable":true,"href":"https:\/\/tavieta.lt\/lv\/wp-json\/wp\/v2\/product_brand?post=13008"},{"taxonomy":"product_cat","embeddable":true,"href":"https:\/\/tavieta.lt\/lv\/wp-json\/wp\/v2\/product_cat?post=13008"},{"taxonomy":"product_tag","embeddable":true,"href":"https:\/\/tavieta.lt\/lv\/wp-json\/wp\/v2\/product_tag?post=13008"}],"curies":[{"name":"wp","href":"https:\/\/api.w.org\/{rel}","templated":true}]}}